{"id":2,"date":"2015-08-27T07:10:56","date_gmt":"2015-08-27T05:10:56","guid":{"rendered":"http:\/\/themes.muffingroup.com\/be\/typo\/?page_id=2"},"modified":"2024-04-21T12:42:22","modified_gmt":"2024-04-21T10:42:22","slug":"home","status":"publish","type":"page","link":"https:\/\/9dwunastych.org\/en_us\/home\/","title":{"rendered":"Start"},"content":{"rendered":"<div data-elementor-type=\"wp-page\" data-elementor-id=\"2\" class=\"elementor elementor-2\">\n\t\t\t\t\t\t<section class=\"elementor-section elementor-top-section elementor-element elementor-element-6a3d82f elementor-section-stretched elementor-section-height-min-height elementor-section-items-bottom elementor-section-full_width elementor-section-height-default elementor-invisible\" data-id=\"6a3d82f\" data-element_type=\"section\" data-settings=\"{&quot;stretch_section&quot;:&quot;section-stretched&quot;,&quot;background_background&quot;:&quot;classic&quot;,&quot;animation&quot;:&quot;fadeIn&quot;,&quot;animation_delay&quot;:400,&quot;shape_divider_bottom&quot;:&quot;split&quot;}\">\n\t\t\t\t\t\t\t<div class=\"elementor-background-overlay\"><\/div>\n\t\t\t\t\t\t<div class=\"elementor-shape elementor-shape-bottom\" data-negative=\"false\">\n\t\t\t<svg xmlns=\"http:\/\/www.w3.org\/2000\/svg\" viewbox=\"0 0 1000 20\" preserveaspectratio=\"none\">\n\t<path class=\"elementor-shape-fill\" d=\"M0,0v3c0,0,393.8,0,483.4,0c9.2,0,16.6,7.4,16.6,16.6c0-9.1,7.4-16.6,16.6-16.6C606.2,3,1000,3,1000,3V0H0z\"\/>\n<\/svg>\t\t<\/div>\n\t\t\t\t\t<div class=\"elementor-container elementor-column-gap-default\">\n\t\t\t\t\t<div class=\"elementor-column elementor-col-100 elementor-top-column elementor-element elementor-element-f513c8e\" data-id=\"f513c8e\" data-element_type=\"column\">\n\t\t\t<div class=\"elementor-widget-wrap\">\n\t\t\t\t\t\t\t<\/div>\n\t\t<\/div>\n\t\t\t\t\t<\/div>\n\t\t<\/section>\n\t\t\t\t<section class=\"elementor-section elementor-top-section elementor-element elementor-element-ac8532c elementor-section-boxed elementor-section-height-default elementor-section-height-default\" data-id=\"ac8532c\" data-element_type=\"section\" data-settings=\"{&quot;background_background&quot;:&quot;classic&quot;}\">\n\t\t\t\t\t\t<div class=\"elementor-container elementor-column-gap-default\">\n\t\t\t\t\t<div class=\"elementor-column elementor-col-100 elementor-top-column elementor-element elementor-element-a2aa3a6\" data-id=\"a2aa3a6\" data-element_type=\"column\">\n\t\t\t<div class=\"elementor-widget-wrap elementor-element-populated\">\n\t\t\t\t\t\t<div class=\"elementor-element elementor-element-5f06b2a elementor-invisible elementor-widget elementor-widget-heading\" data-id=\"5f06b2a\" data-element_type=\"widget\" data-settings=\"{&quot;_animation&quot;:&quot;fadeInUp&quot;,&quot;_animation_delay&quot;:800}\" data-widget_type=\"heading.default\">\n\t\t\t\t<div class=\"elementor-widget-container\">\n\t\t\t<style>\/*! elementor - v3.21.0 - 08-05-2024 *\/\n.elementor-heading-title{padding:0;margin:0;line-height:1}.elementor-widget-heading .elementor-heading-title[class*=elementor-size-]>a{color:inherit;font-size:inherit;line-height:inherit}.elementor-widget-heading .elementor-heading-title.elementor-size-small{font-size:15px}.elementor-widget-heading .elementor-heading-title.elementor-size-medium{font-size:19px}.elementor-widget-heading .elementor-heading-title.elementor-size-large{font-size:29px}.elementor-widget-heading .elementor-heading-title.elementor-size-xl{font-size:39px}.elementor-widget-heading .elementor-heading-title.elementor-size-xxl{font-size:59px}<\/style><h2 class=\"elementor-heading-title elementor-size-default\">Dzia\u0142amy, bo chcemy, by nasz \u015bwiat by\u0142 bezpieczny i przyjazny dla wszystkich.<\/h2>\t\t<\/div>\n\t\t\t\t<\/div>\n\t\t\t\t<div class=\"elementor-element elementor-element-7be77f0 elementor-invisible elementor-widget elementor-widget-text-editor\" data-id=\"7be77f0\" data-element_type=\"widget\" data-settings=\"{&quot;_animation&quot;:&quot;fadeIn&quot;,&quot;_animation_delay&quot;:1000}\" data-widget_type=\"text-editor.default\">\n\t\t\t\t<div class=\"elementor-widget-container\">\n\t\t\t<style>\/*! elementor - v3.21.0 - 08-05-2024 *\/\n.elementor-widget-text-editor.elementor-drop-cap-view-stacked .elementor-drop-cap{background-color:#69727d;color:#fff}.elementor-widget-text-editor.elementor-drop-cap-view-framed .elementor-drop-cap{color:#69727d;border:3px solid;background-color:transparent}.elementor-widget-text-editor:not(.elementor-drop-cap-view-default) .elementor-drop-cap{margin-top:8px}.elementor-widget-text-editor:not(.elementor-drop-cap-view-default) .elementor-drop-cap-letter{width:1em;height:1em}.elementor-widget-text-editor .elementor-drop-cap{float:left;text-align:center;line-height:1;font-size:50px}.elementor-widget-text-editor .elementor-drop-cap-letter{display:inline-block}<\/style>\t\t\t\t<p style=\"text-align: center;\">Prowadzimy edukacj\u0119 antydyskryminacyjn\u0105, r\u00f3wno\u015bciow\u0105, warsztaty asertywno\u015bci i\u00a0samoobrony dla os\u00f3b kobiecych WenDo oraz\u00a0wspieramy lokalne spo\u0142eczno\u015bci w\u00a0dzia\u0142aniach obywatelskich. Tym, co\u00a0daje nam si\u0142\u0119 i\u00a0energi\u0119, s\u0105\u00a0ludzie wok\u00f3\u0142 nas, kt\u00f3rym\u00a0warto\u015bci demokratyczne, prawno-cz\u0142owiecze i\u00a0na\u00a0rzecz ochrony klimatu s\u0105\u00a0bliskie.<\/p>\t\t\t\t\t\t<\/div>\n\t\t\t\t<\/div>\n\t\t\t\t\t<\/div>\n\t\t<\/div>\n\t\t\t\t\t<\/div>\n\t\t<\/section>\n\t\t\t\t<section class=\"elementor-section elementor-top-section elementor-element elementor-element-516ba46 elementor-section-boxed elementor-section-height-default elementor-section-height-default\" data-id=\"516ba46\" data-element_type=\"section\">\n\t\t\t\t\t\t<div class=\"elementor-container elementor-column-gap-default\">\n\t\t\t\t\t<div class=\"elementor-column elementor-col-50 elementor-top-column elementor-element elementor-element-8ec1711\" data-id=\"8ec1711\" data-element_type=\"column\">\n\t\t\t<div class=\"elementor-widget-wrap elementor-element-populated\">\n\t\t\t\t\t\t<div class=\"elementor-element elementor-element-214e83f elementor-invisible elementor-widget elementor-widget-heading\" data-id=\"214e83f\" data-element_type=\"widget\" data-settings=\"{&quot;_animation&quot;:&quot;fadeInLeft&quot;}\" data-widget_type=\"heading.default\">\n\t\t\t\t<div class=\"elementor-widget-container\">\n\t\t\t<h2 class=\"elementor-heading-title elementor-size-default\">O nas<\/h2>\t\t<\/div>\n\t\t\t\t<\/div>\n\t\t\t\t<div class=\"elementor-element elementor-element-ec53da8 elementor-invisible elementor-widget elementor-widget-text-editor\" data-id=\"ec53da8\" data-element_type=\"widget\" data-settings=\"{&quot;_animation&quot;:&quot;fadeInLeft&quot;,&quot;_animation_delay&quot;:200}\" data-widget_type=\"text-editor.default\">\n\t\t\t\t<div class=\"elementor-widget-container\">\n\t\t\t\t\t\t\t<p>Stowarzyszenie 9dwunastych<\/p>\t\t\t\t\t\t<\/div>\n\t\t\t\t<\/div>\n\t\t\t\t<div class=\"elementor-element elementor-element-129d71b elementor-widget elementor-widget-text-editor\" data-id=\"129d71b\" data-element_type=\"widget\" data-widget_type=\"text-editor.default\">\n\t\t\t\t<div class=\"elementor-widget-container\">\n\t\t\t\t\t\t\t<p class=\"N-ZiCg direction-ltr align-justify para-style-body\">Chcemy\u00a0<strong>budowa\u0107<\/strong>\u00a0w\u00a0Bia\u0142ymstoku, wojew\u00f3dztwie podlaskim i\u00a0Polsce\u00a0<strong>spo\u0142ecze\u0144stwo obywatelskie<\/strong><\/p><ul><li class=\"N-ZiCg direction-ltr align-justify para-style-body\">oparte na\u00a0poszanowaniu\u00a0<strong>praw cz\u0142owieka<\/strong>\u00a0i\u00a0<strong>r\u00f3wno\u015bci ludzi,<\/strong><\/li><li class=\"N-ZiCg direction-ltr align-justify para-style-body\">\u015bwiadome jak funkcjonuje\u00a0<strong>demokracja<\/strong>\u00a0i\u00a0korzystaj\u0105ce z\u00a0jej narz\u0119dzi,<\/li><li class=\"N-ZiCg direction-ltr align-justify para-style-body\">uczestnicz\u0105ce w\u00a0<strong>kulturze<\/strong>\u00a0i\u00a0wsp\u00f3\u0142tworz\u0105ce j\u0105,<\/li><li class=\"N-ZiCg direction-ltr align-justify para-style-body\">aktywnie dzia\u0142aj\u0105ce na\u00a0rzecz\u00a0<strong>powstrzymania katastrofy klimatycznej<\/strong>,<\/li><li class=\"N-ZiCg direction-ltr align-justify para-style-body\">tworz\u0105ce samodzielne\u00a0<strong>spo\u0142eczno\u015bci<\/strong>\u00a0oparte na\u00a0wzajemnej akceptacji i\u00a0wsparciu.<\/li><\/ul><p class=\"N-ZiCg direction-ltr align-justify para-style-body\">Chcemy budowa\u0107 \u015bwiat bezpieczny i\u00a0przyjazny dla wszystkich.<\/p>\t\t\t\t\t\t<\/div>\n\t\t\t\t<\/div>\n\t\t\t\t\t<\/div>\n\t\t<\/div>\n\t\t\t\t<div class=\"elementor-column elementor-col-50 elementor-top-column elementor-element elementor-element-4ddfdd6\" data-id=\"4ddfdd6\" data-element_type=\"column\">\n\t\t\t<div class=\"elementor-widget-wrap elementor-element-populated\">\n\t\t\t\t\t\t<section class=\"elementor-section elementor-inner-section elementor-element elementor-element-f8e5654 elementor-section-boxed elementor-section-height-default elementor-section-height-default\" data-id=\"f8e5654\" data-element_type=\"section\">\n\t\t\t\t\t\t<div class=\"elementor-container elementor-column-gap-default\">\n\t\t\t\t\t<div class=\"elementor-column elementor-col-100 elementor-inner-column elementor-element elementor-element-6ce283b\" data-id=\"6ce283b\" data-element_type=\"column\">\n\t\t\t<div class=\"elementor-widget-wrap elementor-element-populated\">\n\t\t\t\t\t\t<div class=\"elementor-element elementor-element-d1e8c28 elementor-invisible elementor-widget elementor-widget-image\" data-id=\"d1e8c28\" data-element_type=\"widget\" data-settings=\"{&quot;_animation&quot;:&quot;fadeInDown&quot;,&quot;_animation_delay&quot;:400}\" data-widget_type=\"image.default\">\n\t\t\t\t<div class=\"elementor-widget-container\">\n\t\t\t<style>\/*! elementor - v3.21.0 - 08-05-2024 *\/\n.elementor-widget-image{text-align:center}.elementor-widget-image a{display:inline-block}.elementor-widget-image a img[src$=\".svg\"]{width:48px}.elementor-widget-image img{vertical-align:middle;display:inline-block}<\/style>\t\t\t\t\t\t\t\t\t\t<img fetchpriority=\"high\" decoding=\"async\" width=\"4096\" height=\"3072\" src=\"https:\/\/9dwunastych.org\/wp-content\/uploads\/2019\/11\/20190602_203908-scaled.jpg\" class=\"attachment-full size-full wp-image-2939\" alt=\"\" \/>\t\t\t\t\t\t\t\t\t\t\t\t\t<\/div>\n\t\t\t\t<\/div>\n\t\t\t\t<div class=\"elementor-element elementor-element-d96a6ac elementor-hidden-mobile elementor-widget elementor-widget-text-editor\" data-id=\"d96a6ac\" data-element_type=\"widget\" data-widget_type=\"text-editor.default\">\n\t\t\t\t<div class=\"elementor-widget-container\">\n\t\t\t\t\t\t\t<p>AKTUALNY SK\u0141AD ZARZ\u0104DU: prezeska:<strong> Anna Kozicka<\/strong>\u00a0<em>anna.kozicka@9dwunastych.org,\u00a0<\/em><span style=\"letter-spacing: 0.32px; font-style: var(--font-style,normal); text-transform: var(--text-transform,none);\">wiceprezes: <\/span><strong style=\"letter-spacing: 0.32px; font-style: var(--font-style,normal); text-transform: var(--text-transform,none);\">Grzegorz Stefaniak\u00a0<\/strong><em style=\"letter-spacing: 0.32px; text-transform: var(--text-transform,none);\">grzegorz.stefaniak@9dwunastych.org,\u00a0<\/em><span style=\"letter-spacing: 0.32px; font-style: var(--font-style,normal); text-transform: var(--text-transform,none);\">skarbnik: <\/span><strong style=\"letter-spacing: 0.32px; font-style: var(--font-style,normal); text-transform: var(--text-transform,none);\">Piotr Klim<\/strong><span style=\"letter-spacing: 0.32px; font-style: var(--font-style,normal); text-transform: var(--text-transform,none);\">\u00a0<\/span><em style=\"letter-spacing: 0.32px; text-transform: var(--text-transform,none);\">piotr.klim@9dwunastych.org<\/em><\/p>\t\t\t\t\t\t<\/div>\n\t\t\t\t<\/div>\n\t\t\t\t<div class=\"elementor-element elementor-element-ab5b374 envato-kit-63-inline-block elementor-hidden-mobile elementor-widget elementor-widget-text-editor\" data-id=\"ab5b374\" data-element_type=\"widget\" data-widget_type=\"text-editor.default\">\n\t\t\t\t<div class=\"elementor-widget-container\">\n\t\t\t\t\t\t\t<p>AKTUALNY SK\u0141AD KOMISJI REWIZYJNEJ: przewodnicz\u0105cy:<b> Sylwester Zagulski <\/b><i>sylwester.zagulski@9dwunastych.org,\u00a0<\/i><span style=\"letter-spacing: 0.32px; font-style: var(--font-style,normal); text-transform: var(--text-transform,none);\">cz\u0142onkini: <\/span><b style=\"letter-spacing: 0.32px; font-style: var(--font-style,normal); text-transform: var(--text-transform,none);\">Magdalena Ryczko-Gryc<\/b><\/p>\t\t\t\t\t\t<\/div>\n\t\t\t\t<\/div>\n\t\t\t\t\t<\/div>\n\t\t<\/div>\n\t\t\t\t\t<\/div>\n\t\t<\/section>\n\t\t\t\t\t<\/div>\n\t\t<\/div>\n\t\t\t\t\t<\/div>\n\t\t<\/section>\n\t\t<div class=\"elementor-element elementor-element-7680a70 e-flex e-con-boxed e-con e-parent\" data-id=\"7680a70\" data-element_type=\"container\">\n\t\t\t\t\t<div class=\"e-con-inner\">\n\t\t\t\t<div class=\"elementor-element elementor-element-22fb3c5 elementor-widget elementor-widget-spacer\" data-id=\"22fb3c5\" data-element_type=\"widget\" data-widget_type=\"spacer.default\">\n\t\t\t\t<div class=\"elementor-widget-container\">\n\t\t\t<style>\/*! elementor - v3.21.0 - 08-05-2024 *\/\n.elementor-column .elementor-spacer-inner{height:var(--spacer-size)}.e-con{--container-widget-width:100%}.e-con-inner>.elementor-widget-spacer,.e-con>.elementor-widget-spacer{width:var(--container-widget-width,var(--spacer-size));--align-self:var(--container-widget-align-self,initial);--flex-shrink:0}.e-con-inner>.elementor-widget-spacer>.elementor-widget-container,.e-con>.elementor-widget-spacer>.elementor-widget-container{height:100%;width:100%}.e-con-inner>.elementor-widget-spacer>.elementor-widget-container>.elementor-spacer,.e-con>.elementor-widget-spacer>.elementor-widget-container>.elementor-spacer{height:100%}.e-con-inner>.elementor-widget-spacer>.elementor-widget-container>.elementor-spacer>.elementor-spacer-inner,.e-con>.elementor-widget-spacer>.elementor-widget-container>.elementor-spacer>.elementor-spacer-inner{height:var(--container-widget-height,var(--spacer-size))}.e-con-inner>.elementor-widget-spacer.elementor-widget-empty,.e-con>.elementor-widget-spacer.elementor-widget-empty{position:relative;min-height:22px;min-width:22px}.e-con-inner>.elementor-widget-spacer.elementor-widget-empty .elementor-widget-empty-icon,.e-con>.elementor-widget-spacer.elementor-widget-empty .elementor-widget-empty-icon{position:absolute;top:0;bottom:0;left:0;right:0;margin:auto;padding:0;width:22px;height:22px}<\/style>\t\t<div class=\"elementor-spacer\">\n\t\t\t<div class=\"elementor-spacer-inner\"><\/div>\n\t\t<\/div>\n\t\t\t\t<\/div>\n\t\t\t\t<\/div>\n\t\t\t\t\t<\/div>\n\t\t\t\t<\/div>\n\t\t\t\t<\/div>","protected":false},"excerpt":{"rendered":"<p>Dzia\u0142amy, bo chcemy, by nasz \u015bwiat by\u0142 bezpieczny i przyjazny dla wszystkich. Prowadzimy edukacj\u0119 antydyskryminacyjn\u0105, r\u00f3wno\u015bciow\u0105, warsztaty asertywno\u015bci i\u00a0samoobrony dla os\u00f3b kobiecych WenDo oraz\u00a0wspieramy lokalne spo\u0142eczno\u015bci w\u00a0dzia\u0142aniach obywatelskich. Tym, co\u00a0daje nam si\u0142\u0119 i\u00a0energi\u0119, s\u0105\u00a0ludzie wok\u00f3\u0142 nas, kt\u00f3rym\u00a0warto\u015bci demokratyczne, prawno-cz\u0142owiecze i\u00a0na\u00a0rzecz ochrony klimatu s\u0105\u00a0bliskie. O nas Stowarzyszenie 9dwunastych Chcemy\u00a0budowa\u0107\u00a0w\u00a0Bia\u0142ymstoku, wojew\u00f3dztwie podlaskim i\u00a0Polsce\u00a0spo\u0142ecze\u0144stwo obywatelskie oparte na\u00a0poszanowaniu\u00a0praw cz\u0142owieka\u00a0i\u00a0r\u00f3wno\u015bci&#8230;<\/p>","protected":false},"author":2,"featured_media":0,"parent":0,"menu_order":0,"comment_status":"closed","ping_status":"closed","template":"elementor_header_footer","meta":{"footnotes":""},"class_list":["post-2","page","type-page","status-publish","hentry"],"acf":[],"jetpack_sharing_enabled":true,"_links":{"self":[{"href":"https:\/\/9dwunastych.org\/en_us\/wp-json\/wp\/v2\/pages\/2"}],"collection":[{"href":"https:\/\/9dwunastych.org\/en_us\/wp-json\/wp\/v2\/pages"}],"about":[{"href":"https:\/\/9dwunastych.org\/en_us\/wp-json\/wp\/v2\/types\/page"}],"author":[{"embeddable":true,"href":"https:\/\/9dwunastych.org\/en_us\/wp-json\/wp\/v2\/users\/2"}],"replies":[{"embeddable":true,"href":"https:\/\/9dwunastych.org\/en_us\/wp-json\/wp\/v2\/comments?post=2"}],"version-history":[{"count":78,"href":"https:\/\/9dwunastych.org\/en_us\/wp-json\/wp\/v2\/pages\/2\/revisions"}],"predecessor-version":[{"id":3669,"href":"https:\/\/9dwunastych.org\/en_us\/wp-json\/wp\/v2\/pages\/2\/revisions\/3669"}],"wp:attachment":[{"href":"https:\/\/9dwunastych.org\/en_us\/wp-json\/wp\/v2\/media?parent=2"}],"curies":[{"name":"wp","href":"https:\/\/api.w.org\/{rel}","templated":true}]}}