{"id":2559,"date":"2017-01-09T22:06:11","date_gmt":"2017-01-09T21:06:11","guid":{"rendered":"http:\/\/9dwunastych.org\/?page_id=2559"},"modified":"2024-10-20T20:14:12","modified_gmt":"2024-10-20T18:14:12","slug":"o-nas","status":"publish","type":"page","link":"https:\/\/9dwunastych.org\/en_us\/o-nas\/","title":{"rendered":"O nas"},"content":{"rendered":"<div data-elementor-type=\"wp-page\" data-elementor-id=\"2559\" class=\"elementor elementor-2559\">\n\t\t\t\t<div class=\"elementor-element elementor-element-031087c e-flex e-con-boxed e-con e-parent\" data-id=\"031087c\" data-element_type=\"container\">\n\t\t\t\t\t<div class=\"e-con-inner\">\n\t\t\t\t<div class=\"elementor-element elementor-element-fca4832 elementor-widget elementor-widget-image\" data-id=\"fca4832\" data-element_type=\"widget\" data-widget_type=\"image.default\">\n\t\t\t\t<div class=\"elementor-widget-container\">\n\t\t\t<style>\/*! elementor - v3.21.0 - 08-05-2024 *\/\n.elementor-widget-image{text-align:center}.elementor-widget-image a{display:inline-block}.elementor-widget-image a img[src$=\".svg\"]{width:48px}.elementor-widget-image img{vertical-align:middle;display:inline-block}<\/style>\t\t\t\t\t\t\t\t\t\t<img fetchpriority=\"high\" decoding=\"async\" width=\"1362\" height=\"696\" src=\"https:\/\/9dwunastych.org\/wp-content\/uploads\/2024\/10\/347392214_229484382841898_5118129565005468677_n-e1727790119472.jpg\" class=\"attachment-full size-full wp-image-3811\" alt=\"\" srcset=\"https:\/\/9dwunastych.org\/wp-content\/uploads\/2024\/10\/347392214_229484382841898_5118129565005468677_n-e1727790119472.jpg 1362w, https:\/\/9dwunastych.org\/wp-content\/uploads\/2024\/10\/347392214_229484382841898_5118129565005468677_n-e1727790119472-300x153.jpg 300w, https:\/\/9dwunastych.org\/wp-content\/uploads\/2024\/10\/347392214_229484382841898_5118129565005468677_n-e1727790119472-1024x523.jpg 1024w, https:\/\/9dwunastych.org\/wp-content\/uploads\/2024\/10\/347392214_229484382841898_5118129565005468677_n-e1727790119472-18x9.jpg 18w, https:\/\/9dwunastych.org\/wp-content\/uploads\/2024\/10\/347392214_229484382841898_5118129565005468677_n-e1727790119472-294x150.jpg 294w, https:\/\/9dwunastych.org\/wp-content\/uploads\/2024\/10\/347392214_229484382841898_5118129565005468677_n-e1727790119472-600x307.jpg 600w\" sizes=\"(max-width: 1362px) 100vw, 1362px\" \/>\t\t\t\t\t\t\t\t\t\t\t\t\t<\/div>\n\t\t\t\t<\/div>\n\t\t\t\t\t<\/div>\n\t\t\t\t<\/div>\n\t\t<div class=\"elementor-element elementor-element-e8f5500 e-flex e-con-boxed e-con e-parent\" data-id=\"e8f5500\" data-element_type=\"container\">\n\t\t\t\t\t<div class=\"e-con-inner\">\n\t\t\t\t<div class=\"elementor-element elementor-element-241ea84 elementor-widget elementor-widget-n-accordion\" data-id=\"241ea84\" data-element_type=\"widget\" data-settings=\"{&quot;max_items_expended&quot;:&quot;multiple&quot;,&quot;default_state&quot;:&quot;expanded&quot;,&quot;n_accordion_animation_duration&quot;:{&quot;unit&quot;:&quot;ms&quot;,&quot;size&quot;:400,&quot;sizes&quot;:[]}}\" data-widget_type=\"nested-accordion.default\">\n\t\t\t\t<div class=\"elementor-widget-container\">\n\t\t\t\t\t<div class=\"e-n-accordion\" aria-label=\"Accordion. Open links with Enter or Space, close with Escape, and navigate with Arrow Keys\">\n\t\t\t\t\t\t<details id=\"e-n-accordion-item-3780\" class=\"e-n-accordion-item\" open>\n\t\t\t\t<summary class=\"e-n-accordion-item-title\" data-accordion-index=\"1\" tabindex=\"0\" aria-expanded=\"true\" aria-controls=\"e-n-accordion-item-3780\" >\n\t\t\t\t\t<span class='e-n-accordion-item-title-header'><div class=\"e-n-accordion-item-title-text\"> Nasza misja i Statut <\/div><\/span>\n\t\t\t\t\t\t\t<span class='e-n-accordion-item-title-icon'>\n\t\t\t<span class='e-opened' ><svg aria-hidden=\"true\" class=\"e-font-icon-svg e-fas-minus-circle\" viewbox=\"0 0 512 512\" xmlns=\"http:\/\/www.w3.org\/2000\/svg\"><path d=\"M256 8C119 8 8 119 8 256s111 248 248 248 248-111 248-248S393 8 256 8zM124 296c-6.6 0-12-5.4-12-12v-56c0-6.6 5.4-12 12-12h264c6.6 0 12 5.4 12 12v56c0 6.6-5.4 12-12 12H124z\"><\/path><\/svg><\/span>\n\t\t\t<span class='e-closed'><svg aria-hidden=\"true\" class=\"e-font-icon-svg e-fas-plus-circle\" viewbox=\"0 0 512 512\" xmlns=\"http:\/\/www.w3.org\/2000\/svg\"><path d=\"M256 8C119 8 8 119 8 256s111 248 248 248 248-111 248-248S393 8 256 8zm144 276c0 6.6-5.4 12-12 12h-92v92c0 6.6-5.4 12-12 12h-56c-6.6 0-12-5.4-12-12v-92h-92c-6.6 0-12-5.4-12-12v-56c0-6.6 5.4-12 12-12h92v-92c0-6.6 5.4-12 12-12h56c6.6 0 12 5.4 12 12v92h92c6.6 0 12 5.4 12 12v56z\"><\/path><\/svg><\/span>\n\t\t<\/span>\n\n\t\t\t\t\t\t<\/summary>\n\t\t\t\t<div role=\"region\" aria-labelledby=\"e-n-accordion-item-3780\" class=\"elementor-element elementor-element-ab5974c e-con-full e-flex e-con e-child\" data-id=\"ab5974c\" data-element_type=\"container\">\n\t\t<div role=\"region\" aria-labelledby=\"e-n-accordion-item-3780\" class=\"elementor-element elementor-element-f6448d0 e-flex e-con-boxed e-con e-child\" data-id=\"f6448d0\" data-element_type=\"container\">\n\t\t\t\t\t<div class=\"e-con-inner\">\n\t\t\t\t<div class=\"elementor-element elementor-element-decd287 elementor-widget elementor-widget-text-editor\" data-id=\"decd287\" data-element_type=\"widget\" data-widget_type=\"text-editor.default\">\n\t\t\t\t<div class=\"elementor-widget-container\">\n\t\t\t<style>\/*! elementor - v3.21.0 - 08-05-2024 *\/\n.elementor-widget-text-editor.elementor-drop-cap-view-stacked .elementor-drop-cap{background-color:#69727d;color:#fff}.elementor-widget-text-editor.elementor-drop-cap-view-framed .elementor-drop-cap{color:#69727d;border:3px solid;background-color:transparent}.elementor-widget-text-editor:not(.elementor-drop-cap-view-default) .elementor-drop-cap{margin-top:8px}.elementor-widget-text-editor:not(.elementor-drop-cap-view-default) .elementor-drop-cap-letter{width:1em;height:1em}.elementor-widget-text-editor .elementor-drop-cap{float:left;text-align:center;line-height:1;font-size:50px}.elementor-widget-text-editor .elementor-drop-cap-letter{display:inline-block}<\/style>\t\t\t\t<p class=\"N-ZiCg direction-ltr align-justify para-style-body\">Chcemy\u00a0<strong>budowa\u0107<\/strong>\u00a0w Bia\u0142ymstoku, wojew\u00f3dztwie podlaskim i Polsce\u00a0<strong>spo\u0142ecze\u0144stwo obywatelskie<\/strong><\/p><ul><li class=\"N-ZiCg direction-ltr align-justify para-style-body\">oparte na poszanowaniu\u00a0<strong>praw cz\u0142owieka<\/strong>\u00a0i\u00a0<strong>r\u00f3wno\u015bci ludzi,<\/strong><\/li><li class=\"N-ZiCg direction-ltr align-justify para-style-body\">\u015bwiadome jak funkcjonuje\u00a0<strong>demokracja<\/strong>\u00a0i korzystaj\u0105ce z jej narz\u0119dzi,<\/li><li class=\"N-ZiCg direction-ltr align-justify para-style-body\">uczestnicz\u0105ce w\u00a0<strong>kulturze<\/strong>\u00a0i wsp\u00f3\u0142tworz\u0105ce j\u0105,<\/li><li class=\"N-ZiCg direction-ltr align-justify para-style-body\">aktywnie dzia\u0142aj\u0105ce na rzecz\u00a0<strong>powstrzymania katastrofy klimatycznej<\/strong>,<\/li><li class=\"N-ZiCg direction-ltr align-justify para-style-body\">tworz\u0105ce samodzielne\u00a0<strong>spo\u0142eczno\u015bci<\/strong>\u00a0oparte na wzajemnej akceptacji i wsparciu.<\/li><\/ul><p class=\"N-ZiCg direction-ltr align-justify para-style-body\"><strong>Chcemy budowa\u0107 \u015bwiat bezpieczny i przyjazny dla wszystkich.<\/strong><\/p>\t\t\t\t\t\t<\/div>\n\t\t\t\t<\/div>\n\t\t\t\t<div class=\"elementor-element elementor-element-670f738 elementor-align-right elementor-widget elementor-widget-button\" data-id=\"670f738\" data-element_type=\"widget\" data-widget_type=\"button.default\">\n\t\t\t\t<div class=\"elementor-widget-container\">\n\t\t\t\t\t<div class=\"elementor-button-wrapper\">\n\t\t\t<a class=\"elementor-button elementor-button-link elementor-size-sm\" href=\"https:\/\/9dwunastych.org\/wp-content\/uploads\/2024\/10\/9d-Statut-09-07-2024.pdf\" target=\"_blank\">\n\t\t\t\t\t\t<span class=\"elementor-button-content-wrapper\">\n\t\t\t\t\t\t<span class=\"elementor-button-icon elementor-align-icon-left\">\n\t\t\t\t<svg aria-hidden=\"true\" class=\"e-font-icon-svg e-far-file-alt\" viewbox=\"0 0 384 512\" xmlns=\"http:\/\/www.w3.org\/2000\/svg\"><path d=\"M288 248v28c0 6.6-5.4 12-12 12H108c-6.6 0-12-5.4-12-12v-28c0-6.6 5.4-12 12-12h168c6.6 0 12 5.4 12 12zm-12 72H108c-6.6 0-12 5.4-12 12v28c0 6.6 5.4 12 12 12h168c6.6 0 12-5.4 12-12v-28c0-6.6-5.4-12-12-12zm108-188.1V464c0 26.5-21.5 48-48 48H48c-26.5 0-48-21.5-48-48V48C0 21.5 21.5 0 48 0h204.1C264.8 0 277 5.1 286 14.1L369.9 98c9 8.9 14.1 21.2 14.1 33.9zm-128-80V128h76.1L256 51.9zM336 464V176H232c-13.3 0-24-10.7-24-24V48H48v416h288z\"><\/path><\/svg>\t\t\t<\/span>\n\t\t\t\t\t\t\t\t\t<span class=\"elementor-button-text\">ZOBACZ STATUT<\/span>\n\t\t\t\t\t<\/span>\n\t\t\t\t\t<\/a>\n\t\t<\/div>\n\t\t\t\t<\/div>\n\t\t\t\t<\/div>\n\t\t\t\t<div class=\"elementor-element elementor-element-e50d566 elementor-widget elementor-widget-text-editor\" data-id=\"e50d566\" data-element_type=\"widget\" data-widget_type=\"text-editor.default\">\n\t\t\t\t<div class=\"elementor-widget-container\">\n\t\t\t\t\t\t\t<h4>DANE REJESTRACYJNE<\/h4><ul><li>KRS:\u00a0<strong>0000 339 150<\/strong><\/li><li>NIP: <strong>9662012805<\/strong><\/li><li>REGON:\u00a0<strong>200307815<\/strong><\/li><li>ADRES REJESTRACYJNY: <strong>ul. Towarowa 6\/59, 15-007 Bia\u0142ystok<\/strong> <br \/>* nie u\u017cywaj go do korespondencji z nami<\/li><\/ul>\t\t\t\t\t\t<\/div>\n\t\t\t\t<\/div>\n\t\t\t\t\t<\/div>\n\t\t\t\t<\/div>\n\t\t\t\t<\/div>\n\t\t\t\t\t<\/details>\n\t\t\t\t\t\t<details id=\"e-n-accordion-item-3781\" class=\"e-n-accordion-item\" >\n\t\t\t\t<summary class=\"e-n-accordion-item-title\" data-accordion-index=\"2\" tabindex=\"-1\" aria-expanded=\"false\" aria-controls=\"e-n-accordion-item-3781\" >\n\t\t\t\t\t<span class='e-n-accordion-item-title-header'><div class=\"e-n-accordion-item-title-text\"> W\u0142adze stowarzyszenia <\/div><\/span>\n\t\t\t\t\t\t\t<span class='e-n-accordion-item-title-icon'>\n\t\t\t<span class='e-opened' ><svg aria-hidden=\"true\" class=\"e-font-icon-svg e-fas-minus-circle\" viewbox=\"0 0 512 512\" xmlns=\"http:\/\/www.w3.org\/2000\/svg\"><path d=\"M256 8C119 8 8 119 8 256s111 248 248 248 248-111 248-248S393 8 256 8zM124 296c-6.6 0-12-5.4-12-12v-56c0-6.6 5.4-12 12-12h264c6.6 0 12 5.4 12 12v56c0 6.6-5.4 12-12 12H124z\"><\/path><\/svg><\/span>\n\t\t\t<span class='e-closed'><svg aria-hidden=\"true\" class=\"e-font-icon-svg e-fas-plus-circle\" viewbox=\"0 0 512 512\" xmlns=\"http:\/\/www.w3.org\/2000\/svg\"><path d=\"M256 8C119 8 8 119 8 256s111 248 248 248 248-111 248-248S393 8 256 8zm144 276c0 6.6-5.4 12-12 12h-92v92c0 6.6-5.4 12-12 12h-56c-6.6 0-12-5.4-12-12v-92h-92c-6.6 0-12-5.4-12-12v-56c0-6.6 5.4-12 12-12h92v-92c0-6.6 5.4-12 12-12h56c6.6 0 12 5.4 12 12v92h92c6.6 0 12 5.4 12 12v56z\"><\/path><\/svg><\/span>\n\t\t<\/span>\n\n\t\t\t\t\t\t<\/summary>\n\t\t\t\t<div role=\"region\" aria-labelledby=\"e-n-accordion-item-3781\" class=\"elementor-element elementor-element-d4b136b e-con-full e-flex e-con e-child\" data-id=\"d4b136b\" data-element_type=\"container\">\n\t\t<div role=\"region\" aria-labelledby=\"e-n-accordion-item-3781\" class=\"elementor-element elementor-element-f242ef6 e-flex e-con-boxed e-con e-child\" data-id=\"f242ef6\" data-element_type=\"container\">\n\t\t\t\t\t<div class=\"e-con-inner\">\n\t\t\t\t<div class=\"elementor-element elementor-element-229843b elementor-widget elementor-widget-heading\" data-id=\"229843b\" data-element_type=\"widget\" data-widget_type=\"heading.default\">\n\t\t\t\t<div class=\"elementor-widget-container\">\n\t\t\t<style>\/*! elementor - v3.21.0 - 08-05-2024 *\/\n.elementor-heading-title{padding:0;margin:0;line-height:1}.elementor-widget-heading .elementor-heading-title[class*=elementor-size-]>a{color:inherit;font-size:inherit;line-height:inherit}.elementor-widget-heading .elementor-heading-title.elementor-size-small{font-size:15px}.elementor-widget-heading .elementor-heading-title.elementor-size-medium{font-size:19px}.elementor-widget-heading .elementor-heading-title.elementor-size-large{font-size:29px}.elementor-widget-heading .elementor-heading-title.elementor-size-xl{font-size:39px}.elementor-widget-heading .elementor-heading-title.elementor-size-xxl{font-size:59px}<\/style><h2 class=\"elementor-heading-title elementor-size-default\">Zarz\u0105d stowarzyszenia<\/h2>\t\t<\/div>\n\t\t\t\t<\/div>\n\t\t\t\t\t<\/div>\n\t\t\t\t<\/div>\n\t\t<div role=\"region\" aria-labelledby=\"e-n-accordion-item-3781\" class=\"elementor-element elementor-element-1ea6a69 e-con-full e-flex e-con e-child\" data-id=\"1ea6a69\" data-element_type=\"container\">\n\t\t<div role=\"region\" aria-labelledby=\"e-n-accordion-item-3781\" class=\"elementor-element elementor-element-b04029e e-grid e-con-boxed e-con e-child\" data-id=\"b04029e\" data-element_type=\"container\">\n\t\t\t\t\t<div class=\"e-con-inner\">\n\t\t\t\t<div class=\"elementor-element elementor-element-2c18c58 elementor-position-top elementor-widget elementor-widget-image-box\" data-id=\"2c18c58\" data-element_type=\"widget\" data-widget_type=\"image-box.default\">\n\t\t\t\t<div class=\"elementor-widget-container\">\n\t\t\t<style>\/*! elementor - v3.21.0 - 08-05-2024 *\/\n.elementor-widget-image-box .elementor-image-box-content{width:100%}@media (min-width:768px){.elementor-widget-image-box.elementor-position-left .elementor-image-box-wrapper,.elementor-widget-image-box.elementor-position-right .elementor-image-box-wrapper{display:flex}.elementor-widget-image-box.elementor-position-right .elementor-image-box-wrapper{text-align:end;flex-direction:row-reverse}.elementor-widget-image-box.elementor-position-left .elementor-image-box-wrapper{text-align:start;flex-direction:row}.elementor-widget-image-box.elementor-position-top .elementor-image-box-img{margin:auto}.elementor-widget-image-box.elementor-vertical-align-top .elementor-image-box-wrapper{align-items:flex-start}.elementor-widget-image-box.elementor-vertical-align-middle .elementor-image-box-wrapper{align-items:center}.elementor-widget-image-box.elementor-vertical-align-bottom .elementor-image-box-wrapper{align-items:flex-end}}@media (max-width:767px){.elementor-widget-image-box .elementor-image-box-img{margin-left:auto!important;margin-right:auto!important;margin-bottom:15px}}.elementor-widget-image-box .elementor-image-box-img{display:inline-block}.elementor-widget-image-box .elementor-image-box-title a{color:inherit}.elementor-widget-image-box .elementor-image-box-wrapper{text-align:center}.elementor-widget-image-box .elementor-image-box-description{margin:0}<\/style><div class=\"elementor-image-box-wrapper\"><figure class=\"elementor-image-box-img\"><img decoding=\"async\" width=\"500\" height=\"500\" src=\"https:\/\/9dwunastych.org\/wp-content\/uploads\/2024\/10\/1-2.png\" class=\"attachment-full size-full wp-image-3948\" alt=\"\" srcset=\"https:\/\/9dwunastych.org\/wp-content\/uploads\/2024\/10\/1-2.png 500w, https:\/\/9dwunastych.org\/wp-content\/uploads\/2024\/10\/1-2-300x300.png 300w, https:\/\/9dwunastych.org\/wp-content\/uploads\/2024\/10\/1-2-150x150.png 150w, https:\/\/9dwunastych.org\/wp-content\/uploads\/2024\/10\/1-2-12x12.png 12w\" sizes=\"(max-width: 500px) 100vw, 500px\" \/><\/figure><div class=\"elementor-image-box-content\"><h3 class=\"elementor-image-box-title\">Grzegorz Stefaniak<\/h3><p class=\"elementor-image-box-description\">prezes<br>grzegorz.stefaniak@9dwunastych.org<\/p><\/div><\/div>\t\t<\/div>\n\t\t\t\t<\/div>\n\t\t\t\t<div class=\"elementor-element elementor-element-a2a103b elementor-position-top elementor-widget elementor-widget-image-box\" data-id=\"a2a103b\" data-element_type=\"widget\" data-widget_type=\"image-box.default\">\n\t\t\t\t<div class=\"elementor-widget-container\">\n\t\t\t<div class=\"elementor-image-box-wrapper\"><figure class=\"elementor-image-box-img\"><img decoding=\"async\" width=\"500\" height=\"500\" src=\"https:\/\/9dwunastych.org\/wp-content\/uploads\/2024\/10\/2-2.png\" class=\"attachment-full size-full wp-image-3949\" alt=\"\" srcset=\"https:\/\/9dwunastych.org\/wp-content\/uploads\/2024\/10\/2-2.png 500w, https:\/\/9dwunastych.org\/wp-content\/uploads\/2024\/10\/2-2-300x300.png 300w, https:\/\/9dwunastych.org\/wp-content\/uploads\/2024\/10\/2-2-150x150.png 150w, https:\/\/9dwunastych.org\/wp-content\/uploads\/2024\/10\/2-2-12x12.png 12w\" sizes=\"(max-width: 500px) 100vw, 500px\" \/><\/figure><div class=\"elementor-image-box-content\"><h3 class=\"elementor-image-box-title\">Dorota Ostro\u017ca\u0144ska<\/h3><p class=\"elementor-image-box-description\">wiceprezeska<br>dorota.ostrozanska@9dwunastych.org<\/p><\/div><\/div>\t\t<\/div>\n\t\t\t\t<\/div>\n\t\t\t\t<div class=\"elementor-element elementor-element-7eff2b4 elementor-position-top elementor-widget elementor-widget-image-box\" data-id=\"7eff2b4\" data-element_type=\"widget\" data-widget_type=\"image-box.default\">\n\t\t\t\t<div class=\"elementor-widget-container\">\n\t\t\t<div class=\"elementor-image-box-wrapper\"><figure class=\"elementor-image-box-img\"><img loading=\"lazy\" decoding=\"async\" width=\"500\" height=\"500\" src=\"https:\/\/9dwunastych.org\/wp-content\/uploads\/2024\/10\/3-2.png\" class=\"attachment-full size-full wp-image-3950\" alt=\"\" srcset=\"https:\/\/9dwunastych.org\/wp-content\/uploads\/2024\/10\/3-2.png 500w, https:\/\/9dwunastych.org\/wp-content\/uploads\/2024\/10\/3-2-300x300.png 300w, https:\/\/9dwunastych.org\/wp-content\/uploads\/2024\/10\/3-2-150x150.png 150w, https:\/\/9dwunastych.org\/wp-content\/uploads\/2024\/10\/3-2-12x12.png 12w\" sizes=\"(max-width: 500px) 100vw, 500px\" \/><\/figure><div class=\"elementor-image-box-content\"><h3 class=\"elementor-image-box-title\">Anna Kozicka<\/h3><p class=\"elementor-image-box-description\">skarbniczka<br>anna.kozicka@9dwunastych.org<\/p><\/div><\/div>\t\t<\/div>\n\t\t\t\t<\/div>\n\t\t\t\t\t<\/div>\n\t\t\t\t<\/div>\n\t\t\t\t<\/div>\n\t\t<div role=\"region\" aria-labelledby=\"e-n-accordion-item-3781\" class=\"elementor-element elementor-element-6928284 e-con-full e-flex e-con e-child\" data-id=\"6928284\" data-element_type=\"container\">\n\t\t\t\t<div class=\"elementor-element elementor-element-11a5172 elementor-widget elementor-widget-text-editor\" data-id=\"11a5172\" data-element_type=\"widget\" data-widget_type=\"text-editor.default\">\n\t\t\t\t<div class=\"elementor-widget-container\">\n\t\t\t\t\t\t\t<p><strong>AKTUALNY SK\u0141AD KOMISJI REWIZYJNEJ:<\/strong><\/p><ul><li>przewodnicz\u0105cy: <strong>Sylwester Zagulski<\/strong>, sylwester.zagulski@9dwunastych.org<\/li><li>cz\u0142onkini: <strong>Magdalena Ryczko-Gryc<\/strong>, cz\u0142onek: <strong>Piotr Klim<\/strong><\/li><\/ul>\t\t\t\t\t\t<\/div>\n\t\t\t\t<\/div>\n\t\t\t\t<\/div>\n\t\t\t\t<\/div>\n\t\t\t\t\t<\/details>\n\t\t\t\t\t\t<details id=\"e-n-accordion-item-3782\" class=\"e-n-accordion-item\" >\n\t\t\t\t<summary class=\"e-n-accordion-item-title\" data-accordion-index=\"3\" tabindex=\"-1\" aria-expanded=\"false\" aria-controls=\"e-n-accordion-item-3782\" >\n\t\t\t\t\t<span class='e-n-accordion-item-title-header'><div class=\"e-n-accordion-item-title-text\"> Zesp\u00f3\u0142 ekspercki <\/div><\/span>\n\t\t\t\t\t\t\t<span class='e-n-accordion-item-title-icon'>\n\t\t\t<span class='e-opened' ><svg aria-hidden=\"true\" class=\"e-font-icon-svg e-fas-minus-circle\" viewbox=\"0 0 512 512\" xmlns=\"http:\/\/www.w3.org\/2000\/svg\"><path d=\"M256 8C119 8 8 119 8 256s111 248 248 248 248-111 248-248S393 8 256 8zM124 296c-6.6 0-12-5.4-12-12v-56c0-6.6 5.4-12 12-12h264c6.6 0 12 5.4 12 12v56c0 6.6-5.4 12-12 12H124z\"><\/path><\/svg><\/span>\n\t\t\t<span class='e-closed'><svg aria-hidden=\"true\" class=\"e-font-icon-svg e-fas-plus-circle\" viewbox=\"0 0 512 512\" xmlns=\"http:\/\/www.w3.org\/2000\/svg\"><path d=\"M256 8C119 8 8 119 8 256s111 248 248 248 248-111 248-248S393 8 256 8zm144 276c0 6.6-5.4 12-12 12h-92v92c0 6.6-5.4 12-12 12h-56c-6.6 0-12-5.4-12-12v-92h-92c-6.6 0-12-5.4-12-12v-56c0-6.6 5.4-12 12-12h92v-92c0-6.6 5.4-12 12-12h56c6.6 0 12 5.4 12 12v92h92c6.6 0 12 5.4 12 12v56z\"><\/path><\/svg><\/span>\n\t\t<\/span>\n\n\t\t\t\t\t\t<\/summary>\n\t\t\t\t<div role=\"region\" aria-labelledby=\"e-n-accordion-item-3782\" class=\"elementor-element elementor-element-5bd2b24 e-con-full e-flex e-con e-child\" data-id=\"5bd2b24\" data-element_type=\"container\">\n\t\t\t\t<\/div>\n\t\t\t\t\t<\/details>\n\t\t\t\t\t\t<details id=\"e-n-accordion-item-3783\" class=\"e-n-accordion-item\" >\n\t\t\t\t<summary class=\"e-n-accordion-item-title\" data-accordion-index=\"4\" tabindex=\"-1\" aria-expanded=\"false\" aria-controls=\"e-n-accordion-item-3783\" >\n\t\t\t\t\t<span class='e-n-accordion-item-title-header'><div class=\"e-n-accordion-item-title-text\"> Kontakt <\/div><\/span>\n\t\t\t\t\t\t\t<span class='e-n-accordion-item-title-icon'>\n\t\t\t<span class='e-opened' ><svg aria-hidden=\"true\" class=\"e-font-icon-svg e-fas-minus-circle\" viewbox=\"0 0 512 512\" xmlns=\"http:\/\/www.w3.org\/2000\/svg\"><path d=\"M256 8C119 8 8 119 8 256s111 248 248 248 248-111 248-248S393 8 256 8zM124 296c-6.6 0-12-5.4-12-12v-56c0-6.6 5.4-12 12-12h264c6.6 0 12 5.4 12 12v56c0 6.6-5.4 12-12 12H124z\"><\/path><\/svg><\/span>\n\t\t\t<span class='e-closed'><svg aria-hidden=\"true\" class=\"e-font-icon-svg e-fas-plus-circle\" viewbox=\"0 0 512 512\" xmlns=\"http:\/\/www.w3.org\/2000\/svg\"><path d=\"M256 8C119 8 8 119 8 256s111 248 248 248 248-111 248-248S393 8 256 8zm144 276c0 6.6-5.4 12-12 12h-92v92c0 6.6-5.4 12-12 12h-56c-6.6 0-12-5.4-12-12v-92h-92c-6.6 0-12-5.4-12-12v-56c0-6.6 5.4-12 12-12h92v-92c0-6.6 5.4-12 12-12h56c6.6 0 12 5.4 12 12v92h92c6.6 0 12 5.4 12 12v56z\"><\/path><\/svg><\/span>\n\t\t<\/span>\n\n\t\t\t\t\t\t<\/summary>\n\t\t\t\t<div role=\"region\" aria-labelledby=\"e-n-accordion-item-3783\" class=\"elementor-element elementor-element-e01ed6e e-flex e-con-boxed e-con e-child\" data-id=\"e01ed6e\" data-element_type=\"container\">\n\t\t\t\t\t<div class=\"e-con-inner\">\n\t\t\t\t\t<\/div>\n\t\t\t\t<\/div>\n\t\t\t\t\t<\/details>\n\t\t\t\t\t\t<details id=\"e-n-accordion-item-3784\" class=\"e-n-accordion-item\" >\n\t\t\t\t<summary class=\"e-n-accordion-item-title\" data-accordion-index=\"5\" tabindex=\"-1\" aria-expanded=\"false\" aria-controls=\"e-n-accordion-item-3784\" >\n\t\t\t\t\t<span class='e-n-accordion-item-title-header'><div class=\"e-n-accordion-item-title-text\"> Identyfikacja wizualna - do pobrania <\/div><\/span>\n\t\t\t\t\t\t\t<span class='e-n-accordion-item-title-icon'>\n\t\t\t<span class='e-opened' ><svg aria-hidden=\"true\" class=\"e-font-icon-svg e-fas-minus-circle\" viewbox=\"0 0 512 512\" xmlns=\"http:\/\/www.w3.org\/2000\/svg\"><path d=\"M256 8C119 8 8 119 8 256s111 248 248 248 248-111 248-248S393 8 256 8zM124 296c-6.6 0-12-5.4-12-12v-56c0-6.6 5.4-12 12-12h264c6.6 0 12 5.4 12 12v56c0 6.6-5.4 12-12 12H124z\"><\/path><\/svg><\/span>\n\t\t\t<span class='e-closed'><svg aria-hidden=\"true\" class=\"e-font-icon-svg e-fas-plus-circle\" viewbox=\"0 0 512 512\" xmlns=\"http:\/\/www.w3.org\/2000\/svg\"><path d=\"M256 8C119 8 8 119 8 256s111 248 248 248 248-111 248-248S393 8 256 8zm144 276c0 6.6-5.4 12-12 12h-92v92c0 6.6-5.4 12-12 12h-56c-6.6 0-12-5.4-12-12v-92h-92c-6.6 0-12-5.4-12-12v-56c0-6.6 5.4-12 12-12h92v-92c0-6.6 5.4-12 12-12h56c6.6 0 12 5.4 12 12v92h92c6.6 0 12 5.4 12 12v56z\"><\/path><\/svg><\/span>\n\t\t<\/span>\n\n\t\t\t\t\t\t<\/summary>\n\t\t\t\t<div role=\"region\" aria-labelledby=\"e-n-accordion-item-3784\" class=\"elementor-element elementor-element-88fc1ce e-flex e-con-boxed e-con e-child\" data-id=\"88fc1ce\" data-element_type=\"container\">\n\t\t\t\t\t<div class=\"e-con-inner\">\n\t\t\t\t\t<\/div>\n\t\t\t\t<\/div>\n\t\t\t\t\t<\/details>\n\t\t\t\t\t<\/div>\n\t\t\t\t<\/div>\n\t\t\t\t<\/div>\n\t\t\t\t\t<\/div>\n\t\t\t\t<\/div>\n\t\t<div class=\"elementor-element elementor-element-da5ff83 e-flex e-con-boxed e-con e-parent\" data-id=\"da5ff83\" data-element_type=\"container\">\n\t\t\t\t\t<div class=\"e-con-inner\">\n\t\t\t\t\t<\/div>\n\t\t\t\t<\/div>\n\t\t\t\t<\/div>","protected":false},"excerpt":{"rendered":"<p>Nasza misja i Statut Chcemy\u00a0budowa\u0107\u00a0w Bia\u0142ymstoku, wojew\u00f3dztwie podlaskim i Polsce\u00a0spo\u0142ecze\u0144stwo obywatelskie oparte na poszanowaniu\u00a0praw cz\u0142owieka\u00a0i\u00a0r\u00f3wno\u015bci ludzi, \u015bwiadome jak funkcjonuje\u00a0demokracja\u00a0i korzystaj\u0105ce z jej narz\u0119dzi, uczestnicz\u0105ce w\u00a0kulturze\u00a0i wsp\u00f3\u0142tworz\u0105ce j\u0105, aktywnie dzia\u0142aj\u0105ce na rzecz\u00a0powstrzymania katastrofy klimatycznej, tworz\u0105ce samodzielne\u00a0spo\u0142eczno\u015bci\u00a0oparte na wzajemnej akceptacji i wsparciu. Chcemy budowa\u0107 \u015bwiat bezpieczny i przyjazny dla wszystkich. ZOBACZ STATUT DANE REJESTRACYJNE KRS:\u00a00000 339 150&#8230;<\/p>","protected":false},"author":2,"featured_media":0,"parent":0,"menu_order":0,"comment_status":"closed","ping_status":"closed","template":"","meta":{"footnotes":""},"class_list":["post-2559","page","type-page","status-publish","hentry"],"acf":[],"jetpack_sharing_enabled":true,"_links":{"self":[{"href":"https:\/\/9dwunastych.org\/en_us\/wp-json\/wp\/v2\/pages\/2559"}],"collection":[{"href":"https:\/\/9dwunastych.org\/en_us\/wp-json\/wp\/v2\/pages"}],"about":[{"href":"https:\/\/9dwunastych.org\/en_us\/wp-json\/wp\/v2\/types\/page"}],"author":[{"embeddable":true,"href":"https:\/\/9dwunastych.org\/en_us\/wp-json\/wp\/v2\/users\/2"}],"replies":[{"embeddable":true,"href":"https:\/\/9dwunastych.org\/en_us\/wp-json\/wp\/v2\/comments?post=2559"}],"version-history":[{"count":60,"href":"https:\/\/9dwunastych.org\/en_us\/wp-json\/wp\/v2\/pages\/2559\/revisions"}],"predecessor-version":[{"id":4037,"href":"https:\/\/9dwunastych.org\/en_us\/wp-json\/wp\/v2\/pages\/2559\/revisions\/4037"}],"wp:attachment":[{"href":"https:\/\/9dwunastych.org\/en_us\/wp-json\/wp\/v2\/media?parent=2559"}],"curies":[{"name":"wp","href":"https:\/\/api.w.org\/{rel}","templated":true}]}}