{"id":2633,"date":"2018-05-08T00:00:17","date_gmt":"2018-05-07T22:00:17","guid":{"rendered":"http:\/\/9dwunastych.org\/?page_id=2633"},"modified":"2023-02-21T05:48:43","modified_gmt":"2023-02-21T04:48:43","slug":"wrs20-konkurs","status":"publish","type":"page","link":"https:\/\/9dwunastych.org\/en_us\/wrs20-konkurs\/","title":{"rendered":"Konkurs dotacyjny"},"content":{"rendered":"[:pl]\n<h1 style=\"text-align: center;\"><strong>KONKURS DOTACYJNY<\/strong><\/h1>\n<h1 style=\"text-align: center;\"><strong>\u201eW R\u00d3\u017bNORODNO\u015aCI SI\u0141A!\u201d 2020<\/strong><\/h1>\n<p><img fetchpriority=\"high\" decoding=\"async\" class=\"aligncenter wp-image-3111 size-full\" src=\"https:\/\/9dwunastych.org\/wp-content\/uploads\/2020\/07\/WRS-20-www-nag\u0142\u00f3wek.png\" alt=\"\" width=\"1230\" height=\"468\" srcset=\"https:\/\/9dwunastych.org\/wp-content\/uploads\/2020\/07\/WRS-20-www-nag\u0142\u00f3wek.png 1230w, https:\/\/9dwunastych.org\/wp-content\/uploads\/2020\/07\/WRS-20-www-nag\u0142\u00f3wek-300x114.png 300w, https:\/\/9dwunastych.org\/wp-content\/uploads\/2020\/07\/WRS-20-www-nag\u0142\u00f3wek-768x292.png 768w, https:\/\/9dwunastych.org\/wp-content\/uploads\/2020\/07\/WRS-20-www-nag\u0142\u00f3wek-1024x390.png 1024w, https:\/\/9dwunastych.org\/wp-content\/uploads\/2020\/07\/WRS-20-www-nag\u0142\u00f3wek-260x99.png 260w, https:\/\/9dwunastych.org\/wp-content\/uploads\/2020\/07\/WRS-20-www-nag\u0142\u00f3wek-50x19.png 50w, https:\/\/9dwunastych.org\/wp-content\/uploads\/2020\/07\/WRS-20-www-nag\u0142\u00f3wek-150x57.png 150w\" sizes=\"(max-width: 1230px) 100vw, 1230px\" \/><\/p>\n<p>Operatork\u0105 programu jest stowarzyszenie 9dwunastych. Program jest realizowany we wsp\u00f3\u0142pracy z Fundacj\u0105 im. Heinricha B\u00f6lla w Warszawie, przy wsparciu Fundacji im. Stefana Batorego, dzi\u0119ki finansowaniu spo\u0142eczno\u015bciowemu oraz z udzia\u0142em wolontariatu.<\/p>\n<p><strong>Kto mo\u017ce z\u0142o\u017cy\u0107 wniosek o dofinansowanie?<\/strong><\/p>\n<ul>\n<li>organizacja pozarz\u0105dowa<\/li>\n<li>grupa nieformalna korzystaj\u0105ca ze wsparcia Matrony<\/li>\n<li>grupa nieformalna dzia\u0142aj\u0105ca samodzielnie (na zasadach okre\u015blonych w Regulaminie og\u00f3lnym)<\/li>\n<\/ul>\n<p style=\"text-align: justify;\"><strong>Na jakie dzia\u0142ania przys\u0142uguje dotacja?<\/strong><\/p>\n<p style=\"text-align: justify;\">Dotacja w wysoko\u015bci maksymalnie 3 000 z\u0142 mo\u017ce by\u0107 wykorzystana na dzia\u0142ania realizowane na terenie wojew\u00f3dztwa podlaskiego, w okresie od 15 wrze\u015bnia do 15 listopada 2020,\u00a0 przyczyniaj\u0105ce si\u0119 do:<\/p>\n<ul>\n<li>rozwoju dialogu mi\u0119dzykulturowego,<\/li>\n<li>promowania r\u00f3wno\u015bci p\u0142ci, przeciwdzia\u0142aniu przemocy ze wzgl\u0119du na p\u0142e\u0107,<\/li>\n<li>kszta\u0142towania otwartych postaw wobec mniejszo\u015bci, grup dyskryminowanych i r\u00f3\u017cnorodno\u015bci spo\u0142ecznej,<\/li>\n<li>rozwoju \u015bwiadomo\u015bci obywatelskiej i spo\u0142ecznej mieszka\u0144c\u00f3w i mieszkanek wojew\u00f3dztwa podlaskiego na temat demokracji w\u0142\u0105czaj\u0105cej mniejszo\u015bci.<\/li>\n<li>promowania wiedzy na temat praw cz\u0142owieka i ich praktycznego zastosowania<\/li>\n<li>wprowadzania lub wzmacniania w dzia\u0142aniach i strukturach organizacji spo\u0142ecznych z terenu wojew\u00f3dztwa podlaskiego perspektywy r\u00f3wno\u015bciowej, doceniania \/ wspierania r\u00f3\u017cnorodnych to\u017csamo\u015bci, przestrzegania praw cz\u0142owieka, promowania r\u00f3wnego traktowania, zarz\u0105dzania r\u00f3\u017cnorodno\u015bci\u0105.<\/li>\n<li>wzmacniania organizacyjnego i instytucjonalnego organizacji r\u00f3wno\u015bciowych, czyli takich organizacji i grup, kt\u00f3rych przedmiotem dzia\u0142alno\u015bci jest realizacja dzia\u0142a\u0144 opisanych w przynajmniej jednym z pierwszych pi\u0119ciu podpunkt\u00f3w.<\/li>\n<\/ul>\n<p style=\"text-align: justify;\">Miniprojekty mog\u0105 przybiera\u0107 r\u00f3\u017cnorodne formy, na przyk\u0142ad:<\/p>\n<ul>\n<li>wydarze\u0144 publicznych (konferencje, seminaria, spotkania dyskusyjne, pokazy film\u00f3w, akcje w przestrzeni publicznej);<\/li>\n<li>wydarze\u0144 kulturalnych i edukacyjnych (wystawy, festiwale, szkolenia, warsztaty, treningi);<\/li>\n<li>dzia\u0142alno\u015bci wydawniczej (publikacje drukowane i elektroniczne, broszury, ulotki, materia\u0142y informacyjne)<\/li>\n<li>dzia\u0142a\u0144 skierowanych do wewn\u0105trz grup \/ organizacji \/ zespo\u0142\u00f3w (szkole\u0144, proces\u00f3w grupowych, opracowywania procedur, itp.<\/li>\n<\/ul>\n<p>Zg\u0142aszane miniprojekty mog\u0105 mie\u0107 charakter merytoryczny lub rozwojowy, w szczeg\u00f3lno\u015bci w zakresie przygotowania organizacji do prowadzenia dzia\u0142a\u0144 na rzecz praw cz\u0142owieka z pomoc\u0105 internetu i nowych technologii.<\/p>\n<ul>\n<li>Dotacja merytoryczna:<br \/>\nwparcie finansowe jest przyznawane na konkretne dzia\u0142anie na rzecz dialogu mi\u0119dzykulturowego, kszta\u0142towania otwartych postaw wobec odmienno\u015bci, rozwoju \u015bwiadomo\u015bci obywatelskiej i spo\u0142ecznej. Organizacja wskazuje w bud\u017cecie konkretne koszty zwi\u0105zane bezpo\u015brednio z tym dzia\u0142aniem, kt\u00f3re zostan\u0105 pokryte z dotacji. Warunkiem rozliczenia dotacji jest zrealizowanie dzia\u0142ania zg\u0142oszonego do Programu i udokumentowanie poniesionych koszt\u00f3w wskazanych w bud\u017cecie.<\/li>\n<li>Dotacja rozwojowa:<br \/>\nwsparcie przyznawane jest na dzia\u0142anie skierowane do wewn\u0105trz grupy \/ organizacji (zespo\u0142u, os\u00f3b cz\u0142onkowskich, wolontariuszy, wolontariuszek), a jego celem jest wprowadzenie lub wzmocnienie w dzia\u0142aniach i strukturze organizacji perspektywy r\u00f3wno\u015bciowej, doceniania \/ wspierania r\u00f3\u017cnorodnych to\u017csamo\u015bci, przestrzegania praw cz\u0142owieka, promowania r\u00f3wnego traktowania, a tak\u017ce na dzia\u0142ania s\u0142u\u017c\u0105ce rozwojowi organizacyjnemu i instytucjonalnemu organizacji r\u00f3wno\u015bciowych. Organizacja \/ grupa wskazuje konkretne koszty, kt\u00f3re poniesie w ramach rozwoju i zostan\u0105 one sfinansowane z przyznanej dotacji. Warunkiem rozliczenia dotacji jest zrealizowanie dzia\u0142a\u0144 rozwojowych zg\u0142oszonych do Programu i udokumentowanie poniesionych koszt\u00f3w wskazanych w bud\u017cecie.<\/li>\n<\/ul>\n<p style=\"text-align: justify;\">Planowane dzia\u0142ania powinny by\u0107 wolne od przemocy i stereotypowego przekazu na temat p\u0142ci, wieku, narodowo\u015bci, koloru sk\u00f3ry, orientacji seksualnej, stopnia sprawno\u015bci i innych element\u00f3w to\u017csamo\u015bci oraz realizowane z poszanowaniem zasad:<\/p>\n<ul style=\"text-align: justify;\">\n<li>r\u00f3wno\u015bci szans<\/li>\n<li>zapobiegania dyskryminacji ze wzgl\u0119du na jak\u0105kolwiek przes\u0142ank\u0119<\/li>\n<li>zr\u00f3wnowa\u017conego rozwoju.<\/li>\n<\/ul>\n<p style=\"text-align: justify;\"><strong>Warsztaty przygotowawcze i warsztaty podsumowuj\u0105ce<\/strong><\/p>\n<p style=\"text-align: justify;\">&#8222;W R\u00f3\u017cnorodno\u015bci si\u0142a!&#8221; 2020 to nie tylko program dotacyjny, ale tak\u017ce edukacyjny i nastawiony na budowanie spo\u0142eczno\u015bci, w zwi\u0105zku z tym integraln\u0105 cz\u0119\u015bci\u0105 przyznawanego w ramach Programu wsparcia s\u0105 warsztaty. W przypadku przyznania dotacji, 1 lub 2 osoby reprezentuj\u0105ce organizacj\u0119 lub grup\u0119 maj\u0105 obowi\u0105zek wzi\u0105\u0107 udzia\u0142 w <strong>bezp\u0142atnych warsztatach przygotowawczych<\/strong>, oraz w <strong>bezp\u0142atnych warsztatach podsumowuj\u0105cych<\/strong>, kt\u00f3re odb\u0119d\u0105 si\u0119 <strong>w Bia\u0142ymstoku w dniach 21 i 22 listopada 2020<\/strong>.\u00a0Organizacje i grupy spoza Bia\u0142egostoku mog\u0105 wnioskowa\u0107 o pokrycie koszt\u00f3w uczestnictwa w warsztatach (przejazdy i nocleg). W przypadku potrzeby dofinansowania koszt\u00f3w uczestnictwa du\u017cej liczbie os\u00f3b zwrot koszt\u00f3w uczestnictwa mo\u017ce by\u0107 cz\u0119\u015bciowy. Prosimy o racjonalne i oszcz\u0119dne szacowanie tych koszt\u00f3w.<\/p>\n<p><strong>UWAGA:<\/strong> Ze wzgl\u0119du na sytuacj\u0119 epidemiczn\u0105 warsztaty przygotowawcze lub \/ i podsumowuj\u0105ce mog\u0105 zosta\u0107 zrealizowane w formie zdalnej za po\u015brednictwem internetu i programu do komunikacji zdalnej. Decyzja o formie przeprowadzenia warsztat\u00f3w zostanie podj\u0119ta po analizie aktualnej sytuacji epidemicznej i z uwzgl\u0119dnieniem potrzeb i mo\u017cliwo\u015bci os\u00f3b uczestnicz\u0105cych.<\/p>\n<p style=\"text-align: justify;\"><strong>Jak z\u0142o\u017cy\u0107 wniosek?<\/strong><\/p>\n<p style=\"text-align: justify;\">Przed przygotowaniem i z\u0142o\u017ceniem wniosku prosimy zapozna\u0107 si\u0119 z Regulaminem. Elektroniczne Wnioski o dotacj\u0119\u00a0na podstawie formularza Google wraz z za\u0142\u0105czonym bud\u017cetem przyjmujemy w trybie ci\u0105g\u0142ym, od dnia 12 wrze\u015bnia 2020 najp\u00f3\u017aniej do 30 wrze\u015bnia 2020 r. do godziny 23:59. Wnioski b\u0119d\u0105 oceniane na bie\u017c\u0105co, i je\u015bli b\u0119d\u0105 spe\u0142nia\u0142y kryteria okre\u015blone w Regulaminie, r\u00f3wnie\u017c na bie\u017c\u0105co przyznawane b\u0119d\u0105 dotacj\u0119, zmniejszaj\u0105c tym samym pul\u0119 dost\u0119pnych \u015brodk\u00f3w.\u00a0<strong>Wniosek mo\u017cna z\u0142o\u017cy\u0107 wy\u0142\u0105cznie z adresu e-mail zarejestrowanego w serwisie Gmail.<\/strong> Dalsza komunikacja w sprawie przyznania dofinansowania i realizacji miniprojektu mo\u017ce odbywa\u0107 si\u0119 z dowolnego innego adresu e-mail.\u00a0 W dokumentach do pobrania znajduje si\u0119 pomocniczy plik z formularzem Wniosku o dotacj\u0119 w formacie PDF.<\/p>\n<p style=\"text-align: center;\">LINK DO FORMULARZA ELEKTRONICZNEGO:<\/p>\n<h3 style=\"text-align: center;\"><strong><span style=\"color: #008000;\"><a style=\"color: #008000;\" href=\"https:\/\/forms.gle\/MesUbianMiGkS66K8\">WYPE\u0141NIJ WNIOSEK O DOTACJ\u0118<\/a><\/span><\/strong><\/h3>\n<p>&nbsp;<\/p>\n<p style=\"text-align: justify;\"><strong>Dokumenty do pobrania:<\/strong><\/p>\n<p style=\"text-align: justify;\">REGULAMIN OG\u00d3LNY (ZAKTUALIZOWANY 21-10-2020)<\/p>\n<ul>\n<li style=\"text-align: justify;\"><a href=\"https:\/\/9dwunastych.org\/wp-content\/uploads\/2020\/10\/WRS-20-Regulamin-Og\u00f3lny-21-10-2020.pdf\">PDF<\/a><\/li>\n<\/ul>\n<p>FORMULARZ BUD\u017bETU &#8211; OBOWI\u0104ZKOWY ZA\u0141\u0104CZNIK<\/p>\n<ul>\n<li>arkusz kalkulacyjny &#8211; <a href=\"https:\/\/9dwunastych.org\/wp-content\/uploads\/2020\/07\/WRS-20-Wniosek-o-dotacj\u0119-Bud\u017cet-31-07-2020.xlsx\">XLSX<\/a><\/li>\n<li>plik tekstowy &#8211; <a href=\"https:\/\/9dwunastych.org\/wp-content\/uploads\/2020\/07\/WRS-20-Wniosek-o-dotacj\u0119-Bud\u017cet-31-07-2020.docx\">DOCX<\/a><\/li>\n<li>plik tekstowy &#8211; <a href=\"https:\/\/9dwunastych.org\/wp-content\/uploads\/2020\/07\/WRS-20-Wniosek-o-dotacj\u0119-Bud\u017cet-31-07-2020.odt\">ODT<\/a><\/li>\n<\/ul>\n<p>FORMULARZ WNIOSKU O DOTACJ\u0118 &#8211; POMOCNICZY<\/p>\n<ul>\n<li><a href=\"https:\/\/9dwunastych.org\/wp-content\/uploads\/2020\/07\/WRS-20-WNIOSEK-O-DOTACJ\u0118-Formularze-Google.pdf\">PDF<\/a><\/li>\n<\/ul>\n<p>REGULAMIN KOMISJI OCENIAJ\u0104CEJ<\/p>\n<ul>\n<li><a href=\"https:\/\/9dwunastych.org\/wp-content\/uploads\/2020\/09\/WRS-20-Regulamin-Komisji-ostateczny.pdf\">PDF<\/a><\/li>\n<\/ul>\n<p>ARKUSZ OCENY MERYTORYCZNEJ<\/p>\n<ul>\n<li><a href=\"https:\/\/9dwunastych.org\/wp-content\/uploads\/2020\/09\/WRS-20-Arkusz-oceny-merytorycznej-11-09-2020.pdf\">PDF<\/a><\/li>\n<\/ul>\n<p>&nbsp;<\/p>\n[one_second][contact_box title=&#8221;Konsultacje&#8221; address=&#8221;&#8221; telephone=&#8221;(+48) 535 912 004&#8243; telephone_2=&#8221;&#8221; fax=&#8221;&#8221; email=&#8221;roznorodnosc@9dwunastych.org&#8221; www=&#8221;&#8221; image=&#8221;&#8221; animate=&#8221;&#8221;][\/one_second][one_second][icon_box title=&#8221;\u015aled\u017a nas na Facebooku&#8221; icon=&#8221;icon-facebook-squared&#8221; image=&#8221;&#8221; icon_position=&#8221;&#8221; border=&#8221;0&#8243; link=&#8221;https:\/\/www.facebook.com\/9dwunastych\/&#8221; target=&#8221;_blank&#8221; class=&#8221;&#8221; animate=&#8221;&#8221;][\/icon_box]\n<p>&nbsp;<\/p>\n<p><img decoding=\"async\" class=\"aligncenter wp-image-3112 size-full\" src=\"https:\/\/9dwunastych.org\/wp-content\/uploads\/2020\/07\/WRS-20-STOPKA.png\" alt=\"\" width=\"2000\" height=\"320\" srcset=\"https:\/\/9dwunastych.org\/wp-content\/uploads\/2020\/07\/WRS-20-STOPKA.png 2000w, https:\/\/9dwunastych.org\/wp-content\/uploads\/2020\/07\/WRS-20-STOPKA-300x48.png 300w, https:\/\/9dwunastych.org\/wp-content\/uploads\/2020\/07\/WRS-20-STOPKA-768x123.png 768w, https:\/\/9dwunastych.org\/wp-content\/uploads\/2020\/07\/WRS-20-STOPKA-1024x164.png 1024w, https:\/\/9dwunastych.org\/wp-content\/uploads\/2020\/07\/WRS-20-STOPKA-260x42.png 260w, https:\/\/9dwunastych.org\/wp-content\/uploads\/2020\/07\/WRS-20-STOPKA-50x8.png 50w, https:\/\/9dwunastych.org\/wp-content\/uploads\/2020\/07\/WRS-20-STOPKA-150x24.png 150w\" sizes=\"(max-width: 2000px) 100vw, 2000px\" \/>[:]","protected":false},"excerpt":{"rendered":"<p>[:pl] KONKURS DOTACYJNY \u201eW R\u00d3\u017bNORODNO\u015aCI SI\u0141A!\u201d 2020 Operatork\u0105 programu jest stowarzyszenie 9dwunastych. Program jest realizowany we wsp\u00f3\u0142pracy z Fundacj\u0105 im. Heinricha B\u00f6lla w Warszawie, przy wsparciu Fundacji im. Stefana Batorego, dzi\u0119ki finansowaniu spo\u0142eczno\u015bciowemu oraz z udzia\u0142em wolontariatu. Kto mo\u017ce z\u0142o\u017cy\u0107 wniosek o dofinansowanie? organizacja pozarz\u0105dowa grupa nieformalna korzystaj\u0105ca ze wsparcia Matrony grupa nieformalna dzia\u0142aj\u0105ca samodzielnie&#8230;<\/p>","protected":false},"author":4,"featured_media":0,"parent":0,"menu_order":0,"comment_status":"closed","ping_status":"closed","template":"","meta":{"footnotes":""},"class_list":["post-2633","page","type-page","status-publish","hentry"],"acf":[],"jetpack_sharing_enabled":true,"_links":{"self":[{"href":"https:\/\/9dwunastych.org\/en_us\/wp-json\/wp\/v2\/pages\/2633"}],"collection":[{"href":"https:\/\/9dwunastych.org\/en_us\/wp-json\/wp\/v2\/pages"}],"about":[{"href":"https:\/\/9dwunastych.org\/en_us\/wp-json\/wp\/v2\/types\/page"}],"author":[{"embeddable":true,"href":"https:\/\/9dwunastych.org\/en_us\/wp-json\/wp\/v2\/users\/4"}],"replies":[{"embeddable":true,"href":"https:\/\/9dwunastych.org\/en_us\/wp-json\/wp\/v2\/comments?post=2633"}],"version-history":[{"count":47,"href":"https:\/\/9dwunastych.org\/en_us\/wp-json\/wp\/v2\/pages\/2633\/revisions"}],"predecessor-version":[{"id":3274,"href":"https:\/\/9dwunastych.org\/en_us\/wp-json\/wp\/v2\/pages\/2633\/revisions\/3274"}],"wp:attachment":[{"href":"https:\/\/9dwunastych.org\/en_us\/wp-json\/wp\/v2\/media?parent=2633"}],"curies":[{"name":"wp","href":"https:\/\/api.w.org\/{rel}","templated":true}]}}