{"id":2762,"date":"2018-07-17T22:43:45","date_gmt":"2018-07-17T20:43:45","guid":{"rendered":"http:\/\/9dwunastych.org\/?page_id=2762"},"modified":"2023-02-21T05:49:32","modified_gmt":"2023-02-21T04:49:32","slug":"realizacja-miniprojektow","status":"publish","type":"page","link":"https:\/\/9dwunastych.org\/en_us\/realizacja-miniprojektow\/","title":{"rendered":"Realizacja miniprojekt\u00f3w i sprawozdanie z realizacji"},"content":{"rendered":"[:pl]\n<h1 style=\"text-align: center;\">REALIZACJA MINIPROJEKT\u00d3W<br \/>\nI SPRAWOZDANIE Z REALIZACJI<\/h1>\n<p><img fetchpriority=\"high\" decoding=\"async\" class=\"aligncenter wp-image-3111 size-full\" src=\"https:\/\/9dwunastych.org\/wp-content\/uploads\/2020\/07\/WRS-20-www-nag\u0142\u00f3wek.png\" alt=\"\" width=\"1230\" height=\"468\" srcset=\"https:\/\/9dwunastych.org\/wp-content\/uploads\/2020\/07\/WRS-20-www-nag\u0142\u00f3wek.png 1230w, https:\/\/9dwunastych.org\/wp-content\/uploads\/2020\/07\/WRS-20-www-nag\u0142\u00f3wek-300x114.png 300w, https:\/\/9dwunastych.org\/wp-content\/uploads\/2020\/07\/WRS-20-www-nag\u0142\u00f3wek-768x292.png 768w, https:\/\/9dwunastych.org\/wp-content\/uploads\/2020\/07\/WRS-20-www-nag\u0142\u00f3wek-1024x390.png 1024w, https:\/\/9dwunastych.org\/wp-content\/uploads\/2020\/07\/WRS-20-www-nag\u0142\u00f3wek-260x99.png 260w, https:\/\/9dwunastych.org\/wp-content\/uploads\/2020\/07\/WRS-20-www-nag\u0142\u00f3wek-50x19.png 50w, https:\/\/9dwunastych.org\/wp-content\/uploads\/2020\/07\/WRS-20-www-nag\u0142\u00f3wek-150x57.png 150w\" sizes=\"(max-width: 1230px) 100vw, 1230px\" \/><\/p>\n<p>Zgodnie z Umow\u0105 dotacji organizacje realizuj\u0105ce miniprojekty w ramach programu \u201eW R\u00f3\u017cnorodno\u015bci si\u0142a!\u201d 2020 s\u0105 zobowi\u0105zane do umieszczania w\u0142a\u015bciwych oznacze\u0144 na materia\u0142ach promocyjnych, edukacyjnych i innych materia\u0142\u00f3w powstaj\u0105cych w zwi\u0105zku z realizowanym miniprojektem. Poni\u017cej znajduj\u0105 si\u0119 pliki graficzne pozwalaj\u0105ce na oznaczenie materia\u0142\u00f3w w odpowiedni spos\u00f3b.<\/p>\n<p>W przypadku materia\u0142\u00f3w promocyjnych przed ich wprowadzeniem do u\u017cytkowania konieczna jest akceptacja ze strony Operatorki, w przypadku innych materia\u0142\u00f3w \u2013 w tym szkoleniowych \u2013 zach\u0119camy do ich konsultowania. Tekst informacji o finansowaniu znajduje si\u0119 w Umowie dotacji.<\/p>\n<ul>\n<li><a href=\"https:\/\/9dwunastych.org\/wp-content\/uploads\/2020\/09\/WRS-20-Logotypy-zestaw.zip\">PLIKI GRAFICZNE DO POBRANIA &#8211; SPAKOWANE W FORMACIE ZIP<\/a><\/li>\n<\/ul>\n<p>&nbsp;<\/p>\n<p><strong>SPRAWOZDANIE Z REALIZACJI MINIPROJEKTU<\/strong><\/p>\n<ol>\n<li>Sprawozdanie ko\u0144cowe z realizacji miniprojektu nale\u017cy sporz\u0105dzi\u0107 wed\u0142ug wzoru przekazanego przez Operatork\u0119 i dostarczy\u0107 do Operatorki w terminie 15 dni kalendarzowych od dnia zako\u0144czenia realizacji miniprojektu w formie elektronicznej na adres e-mail: roznorodnosc@9dwunastych.org<\/li>\n<li>Papierowy orygina\u0142 sprawozdania nale\u017cy w ci\u0105gu 7 dni kalendarzowych od daty z\u0142o\u017cenia wersji elektronicznej przes\u0142a\u0107 na adres zawarty w Umowie dotacji.<\/li>\n<\/ol>\n<p><span style=\"color: #000000;\">FORMULARZ SPRAWOZDANIA DO POBRANIA:<\/span><\/p>\n<ul>\n<li><a href=\"https:\/\/9dwunastych.org\/wp-content\/uploads\/2020\/10\/WRS-20-Sprawozdanie-WZ\u00d3R.docx\">WORD<\/a><\/li>\n<li><a href=\"https:\/\/9dwunastych.org\/wp-content\/uploads\/2020\/10\/WRS-20-Sprawozdanie-WZ\u00d3R.odt\">OPEN<\/a><\/li>\n<li><span style=\"color: #000000;\"><a href=\"https:\/\/9dwunastych.org\/wp-content\/uploads\/2020\/10\/WRS-20-Sprawozdanie-WZ\u00d3R.pdf\">PDF<\/a> (ilustracyjnie, bez mo\u017cliwo\u015bci edycji)<\/span><\/li>\n<\/ul>\n<p>&nbsp;<\/p>\n[one_second][contact_box title=&#8221;Konsultacje&#8221; address=&#8221;&#8221; telephone=&#8221;(+48) 535 9 12 004&#8243; telephone_2=&#8221;&#8221; fax=&#8221;&#8221; email=&#8221;grzegorz.stefaniak@9dwunastych.org&#8221; www=&#8221;&#8221; image=&#8221;&#8221; animate=&#8221;&#8221;][\/one_second][one_second][icon_box title=&#8221;\u015aled\u017a nas na Facebooku&#8221; icon=&#8221;icon-facebook-squared&#8221; image=&#8221;&#8221; icon_position=&#8221;&#8221; border=&#8221;0&#8243; link=&#8221;https:\/\/www.facebook.com\/9dwunastych\/&#8221; target=&#8221;_blank&#8221; class=&#8221;&#8221; animate=&#8221;&#8221;][\/icon_box]\n<p>&nbsp;<\/p>\n<p>&nbsp;<\/p>\n<p><img decoding=\"async\" class=\"aligncenter wp-image-3112 size-full\" src=\"https:\/\/9dwunastych.org\/wp-content\/uploads\/2020\/07\/WRS-20-STOPKA.png\" alt=\"\" width=\"2000\" height=\"320\" srcset=\"https:\/\/9dwunastych.org\/wp-content\/uploads\/2020\/07\/WRS-20-STOPKA.png 2000w, https:\/\/9dwunastych.org\/wp-content\/uploads\/2020\/07\/WRS-20-STOPKA-300x48.png 300w, https:\/\/9dwunastych.org\/wp-content\/uploads\/2020\/07\/WRS-20-STOPKA-768x123.png 768w, https:\/\/9dwunastych.org\/wp-content\/uploads\/2020\/07\/WRS-20-STOPKA-1024x164.png 1024w, https:\/\/9dwunastych.org\/wp-content\/uploads\/2020\/07\/WRS-20-STOPKA-260x42.png 260w, https:\/\/9dwunastych.org\/wp-content\/uploads\/2020\/07\/WRS-20-STOPKA-50x8.png 50w, https:\/\/9dwunastych.org\/wp-content\/uploads\/2020\/07\/WRS-20-STOPKA-150x24.png 150w\" sizes=\"(max-width: 2000px) 100vw, 2000px\" \/>[:]","protected":false},"excerpt":{"rendered":"<p>[:pl] REALIZACJA MINIPROJEKT\u00d3W I SPRAWOZDANIE Z REALIZACJI Zgodnie z Umow\u0105 dotacji organizacje realizuj\u0105ce miniprojekty w ramach programu \u201eW R\u00f3\u017cnorodno\u015bci si\u0142a!\u201d 2020 s\u0105 zobowi\u0105zane do umieszczania w\u0142a\u015bciwych oznacze\u0144 na materia\u0142ach promocyjnych, edukacyjnych i innych materia\u0142\u00f3w powstaj\u0105cych w zwi\u0105zku z realizowanym miniprojektem. Poni\u017cej znajduj\u0105 si\u0119 pliki graficzne pozwalaj\u0105ce na oznaczenie materia\u0142\u00f3w w odpowiedni spos\u00f3b. W przypadku materia\u0142\u00f3w&#8230;<\/p>","protected":false},"author":4,"featured_media":0,"parent":0,"menu_order":0,"comment_status":"closed","ping_status":"closed","template":"","meta":{"footnotes":""},"class_list":["post-2762","page","type-page","status-publish","hentry"],"acf":[],"jetpack_sharing_enabled":true,"_links":{"self":[{"href":"https:\/\/9dwunastych.org\/en_us\/wp-json\/wp\/v2\/pages\/2762"}],"collection":[{"href":"https:\/\/9dwunastych.org\/en_us\/wp-json\/wp\/v2\/pages"}],"about":[{"href":"https:\/\/9dwunastych.org\/en_us\/wp-json\/wp\/v2\/types\/page"}],"author":[{"embeddable":true,"href":"https:\/\/9dwunastych.org\/en_us\/wp-json\/wp\/v2\/users\/4"}],"replies":[{"embeddable":true,"href":"https:\/\/9dwunastych.org\/en_us\/wp-json\/wp\/v2\/comments?post=2762"}],"version-history":[{"count":16,"href":"https:\/\/9dwunastych.org\/en_us\/wp-json\/wp\/v2\/pages\/2762\/revisions"}],"predecessor-version":[{"id":3280,"href":"https:\/\/9dwunastych.org\/en_us\/wp-json\/wp\/v2\/pages\/2762\/revisions\/3280"}],"wp:attachment":[{"href":"https:\/\/9dwunastych.org\/en_us\/wp-json\/wp\/v2\/media?parent=2762"}],"curies":[{"name":"wp","href":"https:\/\/api.w.org\/{rel}","templated":true}]}}