{"id":2793,"date":"2018-08-02T21:46:20","date_gmt":"2018-08-02T19:46:20","guid":{"rendered":"http:\/\/9dwunastych.org\/?page_id=2793"},"modified":"2023-02-21T05:48:21","modified_gmt":"2023-02-21T04:48:21","slug":"regranting-2","status":"publish","type":"page","link":"https:\/\/9dwunastych.org\/en_us\/regranting-2\/","title":{"rendered":"Dotacje"},"content":{"rendered":"[:pl]\n<div>\n<h1 style=\"text-align: center;\">DOTACJE<\/h1>\n<\/div>\n<div><img fetchpriority=\"high\" decoding=\"async\" class=\"aligncenter wp-image-3111 size-full\" src=\"https:\/\/9dwunastych.org\/wp-content\/uploads\/2020\/07\/WRS-20-www-nag\u0142\u00f3wek.png\" alt=\"\" width=\"1230\" height=\"468\" srcset=\"https:\/\/9dwunastych.org\/wp-content\/uploads\/2020\/07\/WRS-20-www-nag\u0142\u00f3wek.png 1230w, https:\/\/9dwunastych.org\/wp-content\/uploads\/2020\/07\/WRS-20-www-nag\u0142\u00f3wek-300x114.png 300w, https:\/\/9dwunastych.org\/wp-content\/uploads\/2020\/07\/WRS-20-www-nag\u0142\u00f3wek-768x292.png 768w, https:\/\/9dwunastych.org\/wp-content\/uploads\/2020\/07\/WRS-20-www-nag\u0142\u00f3wek-1024x390.png 1024w, https:\/\/9dwunastych.org\/wp-content\/uploads\/2020\/07\/WRS-20-www-nag\u0142\u00f3wek-260x99.png 260w, https:\/\/9dwunastych.org\/wp-content\/uploads\/2020\/07\/WRS-20-www-nag\u0142\u00f3wek-50x19.png 50w, https:\/\/9dwunastych.org\/wp-content\/uploads\/2020\/07\/WRS-20-www-nag\u0142\u00f3wek-150x57.png 150w\" sizes=\"(max-width: 1230px) 100vw, 1230px\" \/><\/div>\n<div><\/div>\n<div><\/div>\n<h3><\/h3>\n<h3 style=\"text-align: center;\">Je\u017celi chcesz z\u0142o\u017cy\u0107 nowy Wniosek o dotacj\u0119 wybierz<br \/>\n<span style=\"color: #ff0000;\"><a style=\"color: #ff0000;\" href=\"https:\/\/9dwunastych.org\/en_us\/wrs20-konkurs\/\">Sk\u0142adanie wniosk\u00f3w<\/a><\/span><\/h3>\n<h3 style=\"text-align: center;\">***<\/h3>\n<h3 style=\"text-align: center;\">Je\u017celi realizujesz projekt w ramach programu &#8222;W R\u00f3\u017cnorodno\u015bci si\u0142a!&#8221; wybierz<br \/>\n<span style=\"color: #ff0000;\"><a style=\"color: #ff0000;\" href=\"https:\/\/9dwunastych.org\/en_us\/realizacja-miniprojektow\/\">Realizacja miniprojekt\u00f3w<\/a><\/span><\/h3>\n<p>&nbsp;<\/p>\n<p><img decoding=\"async\" class=\"aligncenter wp-image-3112 size-full\" src=\"https:\/\/9dwunastych.org\/wp-content\/uploads\/2020\/07\/WRS-20-STOPKA.png\" alt=\"\" width=\"2000\" height=\"320\" srcset=\"https:\/\/9dwunastych.org\/wp-content\/uploads\/2020\/07\/WRS-20-STOPKA.png 2000w, https:\/\/9dwunastych.org\/wp-content\/uploads\/2020\/07\/WRS-20-STOPKA-300x48.png 300w, https:\/\/9dwunastych.org\/wp-content\/uploads\/2020\/07\/WRS-20-STOPKA-768x123.png 768w, https:\/\/9dwunastych.org\/wp-content\/uploads\/2020\/07\/WRS-20-STOPKA-1024x164.png 1024w, https:\/\/9dwunastych.org\/wp-content\/uploads\/2020\/07\/WRS-20-STOPKA-260x42.png 260w, https:\/\/9dwunastych.org\/wp-content\/uploads\/2020\/07\/WRS-20-STOPKA-50x8.png 50w, https:\/\/9dwunastych.org\/wp-content\/uploads\/2020\/07\/WRS-20-STOPKA-150x24.png 150w\" sizes=\"(max-width: 2000px) 100vw, 2000px\" \/>[:]","protected":false},"excerpt":{"rendered":"<p>[:pl] DOTACJE Je\u017celi chcesz z\u0142o\u017cy\u0107 nowy Wniosek o dotacj\u0119 wybierz Sk\u0142adanie wniosk\u00f3w *** Je\u017celi realizujesz projekt w ramach programu &#8222;W R\u00f3\u017cnorodno\u015bci si\u0142a!&#8221; wybierz Realizacja miniprojekt\u00f3w &nbsp; [:]<\/p>","protected":false},"author":4,"featured_media":0,"parent":0,"menu_order":0,"comment_status":"closed","ping_status":"closed","template":"","meta":{"footnotes":""},"class_list":["post-2793","page","type-page","status-publish","hentry"],"acf":[],"jetpack_sharing_enabled":true,"_links":{"self":[{"href":"https:\/\/9dwunastych.org\/en_us\/wp-json\/wp\/v2\/pages\/2793"}],"collection":[{"href":"https:\/\/9dwunastych.org\/en_us\/wp-json\/wp\/v2\/pages"}],"about":[{"href":"https:\/\/9dwunastych.org\/en_us\/wp-json\/wp\/v2\/types\/page"}],"author":[{"embeddable":true,"href":"https:\/\/9dwunastych.org\/en_us\/wp-json\/wp\/v2\/users\/4"}],"replies":[{"embeddable":true,"href":"https:\/\/9dwunastych.org\/en_us\/wp-json\/wp\/v2\/comments?post=2793"}],"version-history":[{"count":7,"href":"https:\/\/9dwunastych.org\/en_us\/wp-json\/wp\/v2\/pages\/2793\/revisions"}],"predecessor-version":[{"id":3271,"href":"https:\/\/9dwunastych.org\/en_us\/wp-json\/wp\/v2\/pages\/2793\/revisions\/3271"}],"wp:attachment":[{"href":"https:\/\/9dwunastych.org\/en_us\/wp-json\/wp\/v2\/media?parent=2793"}],"curies":[{"name":"wp","href":"https:\/\/api.w.org\/{rel}","templated":true}]}}