{"id":2923,"date":"2019-11-27T12:21:54","date_gmt":"2019-11-27T11:21:54","guid":{"rendered":"https:\/\/9dwunastych.org\/?page_id=2923"},"modified":"2025-07-29T16:37:03","modified_gmt":"2025-07-29T14:37:03","slug":"kobiecosc-meskosc-wszystko-gra-gra-o-rownosci-plci","status":"publish","type":"page","link":"https:\/\/9dwunastych.org\/en_us\/kobiecosc-meskosc-wszystko-gra-gra-o-rownosci-plci\/","title":{"rendered":"Kobieco\u015b\u0107, m\u0119sko\u015b\u0107 &#8211; wszystko GRA. Gra o r\u00f3wno\u015bci p\u0142ci"},"content":{"rendered":"<section class=\"l-section wpb_row height_medium\"><div class=\"l-section-h i-cf\"><div class=\"g-cols vc_row via_flex valign_top type_default stacking_default\"><div class=\"vc_col-sm-12 wpb_column vc_column_container\"><div class=\"vc_column-inner\"><div class=\"wpb_wrapper\"><div class=\"wpb_text_column\"><div class=\"wpb_wrapper\"><p><img fetchpriority=\"high\" decoding=\"async\" class=\"aligncenter wp-image-3019 size-full\" src=\"https:\/\/9dwunastych.org\/wp-content\/uploads\/2020\/04\/9d-www-GRA.png\" alt=\"\" width=\"1230\" height=\"468\" srcset=\"https:\/\/9dwunastych.org\/wp-content\/uploads\/2020\/04\/9d-www-GRA.png 1230w, https:\/\/9dwunastych.org\/wp-content\/uploads\/2020\/04\/9d-www-GRA-300x114.png 300w, https:\/\/9dwunastych.org\/wp-content\/uploads\/2020\/04\/9d-www-GRA-768x292.png 768w, https:\/\/9dwunastych.org\/wp-content\/uploads\/2020\/04\/9d-www-GRA-1024x390.png 1024w, https:\/\/9dwunastych.org\/wp-content\/uploads\/2020\/04\/9d-www-GRA-260x99.png 260w, https:\/\/9dwunastych.org\/wp-content\/uploads\/2020\/04\/9d-www-GRA-50x19.png 50w, https:\/\/9dwunastych.org\/wp-content\/uploads\/2020\/04\/9d-www-GRA-150x57.png 150w\" sizes=\"(max-width: 1230px) 100vw, 1230px\" \/><\/p>\n<p><span style=\"font-weight: 400;\">Czy kobiety i m\u0119\u017cczy\u017ani maj\u0105 r\u00f3wne prawa? W teorii tak, a jak jest w praktyce? Jak cz\u0119sto w \u017cyciu zdarzaj\u0105 si\u0119 sytuacje gdy m\u0119\u017cczy\u017ani i kobiety spotykaj\u0105 si\u0119 z r\u00f3\u017cnym traktowaniem, z r\u00f3\u017cnymi oczekiwaniami, z r\u00f3\u017cnymi ocenami. Jakie s\u0105 koncekwencje takich nier\u00f3wno\u015bci? Zagraj z nami w gr\u0119 planszow\u0105 o r\u00f3wno\u015bci p\u0142ci pt. &#8222;Kobieco\u015b\u0107, m\u0119sko\u015b\u0107 &#8211; wszystko gra&#8221; opracowan\u0105 przez stowarzyszenie 9dwunastych. Do\u015bwiadcz r\u00f3\u017cnicy p\u0142ci.\u00a0<\/span><\/p>\n<p><span style=\"font-weight: 400;\">Planszowa edukacyjna gra stoj\u0105ca \u201cKobieco\u015b\u0107, m\u0119sko\u015b\u0107 &#8211; wszystko GRA\u201d to autorski projekt stowarzyszenia 9dwunastych. Powsta\u0142a, by w atrakcyjny i anga\u017cuj\u0105cy spos\u00f3b przekazywa\u0107 wiedz\u0119 na temat zagadnie\u0144 zwi\u0105zanych z r\u00f3wno\u015bci\u0105 p\u0142ci. Sprawdza si\u0119 w pracy z m\u0142odzie\u017c\u0105 i osobami doros\u0142ymi. Gra opatrzona jest wst\u0119pem i podsumowaniem prowadzonym przez osob\u0119 dysponuj\u0105c\u0105 przygotowaniem edukacyjnym w zakresie r\u00f3wno\u015bci p\u0142ci.<\/span><\/p>\n<p><span style=\"font-weight: 400;\">Co zdob\u0119dzie osoba uczestnicz\u0105ca?<\/span><\/p>\n<ul>\n<li style=\"font-weight: 400;\"><span style=\"font-weight: 400;\">mo\u017cliwo\u015b\u0107 por\u00f3wnania do\u015bwiadczania codziennych i wyj\u0105tkowych sytuacji z perspektywy kobiety i m\u0119\u017cczyzny,<\/span><\/li>\n<li style=\"font-weight: 400;\"><span style=\"font-weight: 400;\">czas sp\u0119dzony na zabawie i ciekawych dyskusjach o r\u00f3wno\u015bci i braku r\u00f3wno\u015bci p\u0142ci<\/span><\/li>\n<li style=\"font-weight: 400;\"><span style=\"font-weight: 400;\">refleksj\u0119 nad stopniem r\u00f3wnouprawnienia p\u0142ci.<\/span><\/li>\n<\/ul>\n<p><span style=\"font-weight: 400;\">Dla kogo:\u00a0<\/span><\/p>\n<ul>\n<li><span style=\"font-weight: 400;\">grupy szkolne, zespo\u0142y organizacji, firm, urz\u0119d\u00f3w, grupy nieformalne, grupy znajomych<\/span><\/li>\n<\/ul>\n<p><span style=\"font-weight: 400;\">Czas trwania gry:\u00a0<\/span><\/p>\n<ul>\n<li><span style=\"font-weight: 400;\">120 minut &#8211; przeprowadzenie gry wraz z wprowadzeniem i om\u00f3wieniem<\/span><\/li>\n<\/ul>\n<p><span style=\"font-weight: 400;\">Liczebno\u015b\u0107 grupy:\u00a0<\/span><\/p>\n<ul>\n<li><span style=\"font-weight: 400;\">minimum 6, maksimum 12 os\u00f3b, <\/span><\/li>\n<li><span style=\"font-weight: 400;\">wymagana parzysta liczba os\u00f3b uczestnicz\u0105cych &#8211; gra w parach<\/span><\/li>\n<\/ul>\n<p><span style=\"font-weight: 400;\">Osoby prowadz\u0105ce: <\/span><\/p>\n<ul>\n<li><span style=\"font-weight: 400;\">Grzegorz Stefaniak, Anna Kozicka\u00a0<\/span><\/li>\n<\/ul>\n<p><span style=\"font-weight: 400;\">Zapisy: <\/span><\/p>\n<ul>\n<li><span style=\"font-weight: 400;\">kontakt@9dwunastych.org, tel. +48 535 912 004, +48 535 912 008<\/span><\/li>\n<\/ul>\n<p><span style=\"font-weight: 400;\">Cena:<\/span><\/p>\n<ul>\n<li><span style=\"font-weight: 400;\">459,00 z\u0142\u00a0<\/span><\/li>\n<li><span style=\"font-weight: 400;\">Mo\u017cliwe jest zast\u0105pienie cz\u0119\u015bci lub ca\u0142o\u015bci odp\u0142atno\u015bci barterem.<\/span><\/li>\n<li><span style=\"font-weight: 400;\">W przypadku realizacji projektu finansowanego ze \u015brodk\u00f3w zewn\u0119trznych lub w przypadku grupy, kt\u00f3rej wsparcie mie\u015bci si\u0119 w realizacji cel\u00f3w statutowych stowarzyszenia 9dwunastych mo\u017cliwe jest zorganizowanie warsztat\u00f3w nieodp\u0142atnie lub zastosowanie odp\u0142atno\u015bci ulgowej.<\/span><\/li>\n<\/ul>\n<p><a ref=\"magnificPopup\" href=\"https:\/\/9dwunastych.org\/wp-content\/uploads\/2020\/04\/41223299_10158047980328079_8487639938571960320_o-1.jpg\"><img decoding=\"async\" class=\"aligncenter wp-image-3037 size-full\" src=\"https:\/\/9dwunastych.org\/wp-content\/uploads\/2020\/04\/41223299_10158047980328079_8487639938571960320_o-1.jpg\" alt=\"\" width=\"2048\" height=\"1419\" srcset=\"https:\/\/9dwunastych.org\/wp-content\/uploads\/2020\/04\/41223299_10158047980328079_8487639938571960320_o-1.jpg 2048w, https:\/\/9dwunastych.org\/wp-content\/uploads\/2020\/04\/41223299_10158047980328079_8487639938571960320_o-1-300x208.jpg 300w, https:\/\/9dwunastych.org\/wp-content\/uploads\/2020\/04\/41223299_10158047980328079_8487639938571960320_o-1-768x532.jpg 768w, https:\/\/9dwunastych.org\/wp-content\/uploads\/2020\/04\/41223299_10158047980328079_8487639938571960320_o-1-1024x710.jpg 1024w, https:\/\/9dwunastych.org\/wp-content\/uploads\/2020\/04\/41223299_10158047980328079_8487639938571960320_o-1-211x146.jpg 211w, https:\/\/9dwunastych.org\/wp-content\/uploads\/2020\/04\/41223299_10158047980328079_8487639938571960320_o-1-50x35.jpg 50w, https:\/\/9dwunastych.org\/wp-content\/uploads\/2020\/04\/41223299_10158047980328079_8487639938571960320_o-1-108x75.jpg 108w\" sizes=\"(max-width: 2048px) 100vw, 2048px\" \/><\/a><\/p>\n<\/div><\/div><\/div><\/div><\/div><\/div><\/div><\/section>","protected":false},"excerpt":{"rendered":"Czy kobiety i m\u0119\u017cczy\u017ani maj\u0105 r\u00f3wne prawa? W teorii tak, a jak jest w praktyce? Jak cz\u0119sto w \u017cyciu zdarzaj\u0105 si\u0119 sytuacje gdy m\u0119\u017cczy\u017ani i kobiety spotykaj\u0105 si\u0119 z r\u00f3\u017cnym traktowaniem, z r\u00f3\u017cnymi oczekiwaniami, z r\u00f3\u017cnymi ocenami. Jakie s\u0105 koncekwencje takich nier\u00f3wno\u015bci? Zagraj z nami w gr\u0119 planszow\u0105 o r\u00f3wno\u015bci p\u0142ci pt. &#8222;Kobieco\u015b\u0107, m\u0119sko\u015b\u0107 &#8211;...","protected":false},"author":2,"featured_media":0,"parent":0,"menu_order":0,"comment_status":"closed","ping_status":"closed","template":"","meta":{"footnotes":""},"class_list":["post-2923","page","type-page","status-publish","hentry"],"acf":[],"jetpack_sharing_enabled":true,"_links":{"self":[{"href":"https:\/\/9dwunastych.org\/en_us\/wp-json\/wp\/v2\/pages\/2923"}],"collection":[{"href":"https:\/\/9dwunastych.org\/en_us\/wp-json\/wp\/v2\/pages"}],"about":[{"href":"https:\/\/9dwunastych.org\/en_us\/wp-json\/wp\/v2\/types\/page"}],"author":[{"embeddable":true,"href":"https:\/\/9dwunastych.org\/en_us\/wp-json\/wp\/v2\/users\/2"}],"replies":[{"embeddable":true,"href":"https:\/\/9dwunastych.org\/en_us\/wp-json\/wp\/v2\/comments?post=2923"}],"version-history":[{"count":18,"href":"https:\/\/9dwunastych.org\/en_us\/wp-json\/wp\/v2\/pages\/2923\/revisions"}],"predecessor-version":[{"id":4148,"href":"https:\/\/9dwunastych.org\/en_us\/wp-json\/wp\/v2\/pages\/2923\/revisions\/4148"}],"wp:attachment":[{"href":"https:\/\/9dwunastych.org\/en_us\/wp-json\/wp\/v2\/media?parent=2923"}],"curies":[{"name":"wp","href":"https:\/\/api.w.org\/{rel}","templated":true}]}}