{"id":3005,"date":"2020-04-15T23:40:55","date_gmt":"2020-04-15T21:40:55","guid":{"rendered":"https:\/\/9dwunastych.org\/?page_id=3005"},"modified":"2023-04-05T04:31:36","modified_gmt":"2023-04-05T02:31:36","slug":"nasze-projekty","status":"publish","type":"page","link":"https:\/\/9dwunastych.org\/en_us\/nasze-projekty\/","title":{"rendered":"Nasze projekty"},"content":{"rendered":"<section class=\"l-section wpb_row height_medium\"><div class=\"l-section-h i-cf\"><div class=\"g-cols vc_row via_flex valign_middle type_default\"><div class=\"vc_col-sm-12 wpb_column vc_column_container\"><div class=\"vc_column-inner\"><div class=\"wpb_wrapper\"><div class=\"w-grid type_grid layout_portfolio_16 cols_3 ratio_1x1\" id=\"us_grid_1\" style=\"--gap:1.2rem;\" data-filterable=\"true\"><style>@media (max-width:1024px){#us_grid_1 .w-grid-item{width:50%}#us_grid_1 .w-grid-item.size_2x1,#us_grid_1 .w-grid-item.size_2x2{width:100%}}@media (max-width:600px){#us_grid_1 .w-grid-list{margin:0}#us_grid_1 .w-grid-item{width:100%;padding:0;margin-bottom:var(--gap,0px)}}.layout_portfolio_16 .w-grid-item-h:before{padding-bottom:100%}@media (min-width:601px){.layout_portfolio_16 .w-grid-item.size_1x2 .w-grid-item-h:before{padding-bottom:calc(200% + var(--gap,0px) * 2)}.layout_portfolio_16 .w-grid-item.size_2x1 .w-grid-item-h:before{padding-bottom:calc(50% - var(--gap,0px) * 1)}.layout_portfolio_16 .w-grid-item.size_2x2 .w-grid-item-h:before{padding-bottom:calc(100% - var(--gap,0px) * 0)}}.layout_portfolio_16 .w-grid-item-h{background:var(--color-content-bg-alt);color:var(--color-content-heading)}.layout_portfolio_16 .usg_post_image_1{transition-duration:0.3s;transform-origin:90% 90%;transform:scale(0.3) translate(0%,0%)}.layout_portfolio_16 .w-grid-item-h:hover .usg_post_image_1{transform:scale(1) translate(0%,0%);opacity:1}.layout_portfolio_16 .usg_vwrapper_1{transition-duration:0.4s;transform-origin:50% 50%;transform:scale(1) translate(0%,0%)}.layout_portfolio_16 .w-grid-item-h:hover .usg_vwrapper_1{transform:scale(2) translate(-50%,-50%);opacity:0}.layout_portfolio_16 .usg_post_image_1{position:absolute!important;top:0!important;right:0!important;bottom:0!important;left:0!important}.layout_portfolio_16 .usg_vwrapper_1{position:absolute!important;top:0!important;right:0!important;left:0!important;padding-top:10%!important;padding-right:30%!important;padding-left:10%!important}.layout_portfolio_16 .usg_post_title_1{color:inherit!important;font-size:1.5rem!important;font-weight:700!important}<\/style><div class=\"w-grid-list\">\t<article class=\"w-grid-item size_1x1 post-3306 us_portfolio type-us_portfolio status-publish has-post-thumbnail hentry\" data-id=\"3306\">\r\n\t\t<div class=\"w-grid-item-h\">\r\n\t\t\t\t\t\t\t<a href=\"https:\/\/9dwunastych.org\/en_us\/blog\/project\/nowe-drogi-dla-praw-czlowieka-online-i-offline\/\" class=\"w-grid-item-anchor\" aria-label=\"Nowe drogi dla praw cz\u0142owieka &#8211; online i offline\"><\/a>\r\n\t\t\t\t\t\t<div class=\"w-post-elm post_image usg_post_image_1 grid_corner_image as_circle stretched\"><img fetchpriority=\"high\" decoding=\"async\" width=\"1024\" height=\"390\" src=\"https:\/\/9dwunastych.org\/wp-content\/uploads\/2023\/02\/9d-www-Nowe-drogi-1024x390.png\" class=\"attachment-large size-large wp-post-image\" alt=\"\" srcset=\"https:\/\/9dwunastych.org\/wp-content\/uploads\/2023\/02\/9d-www-Nowe-drogi-1024x390.png 1024w, https:\/\/9dwunastych.org\/wp-content\/uploads\/2023\/02\/9d-www-Nowe-drogi-300x114.png 300w, https:\/\/9dwunastych.org\/wp-content\/uploads\/2023\/02\/9d-www-Nowe-drogi-394x150.png 394w\" sizes=\"(max-width: 1024px) 100vw, 1024px\" \/><\/div><div class=\"w-vwrapper usg_vwrapper_1 align_none valign_top\"><h2 class=\"w-post-elm post_title usg_post_title_1 has_text_color entry-title color_link_inherit\">Nowe drogi dla praw cz\u0142owieka &#8211; online i offline<\/h2><\/div>\t\t<\/div>\r\n\t<\/article>\r\n\t<article class=\"w-grid-item size_1x1 post-3207 us_portfolio type-us_portfolio status-publish has-post-thumbnail hentry\" data-id=\"3207\">\r\n\t\t<div class=\"w-grid-item-h\">\r\n\t\t\t\t\t\t\t<a href=\"https:\/\/9dwunastych.org\/en_us\/blog\/project\/erasmus20-22\/\" class=\"w-grid-item-anchor\" aria-label=\"Diversity &#8211; prevention of discrimination in adult education\"><\/a>\r\n\t\t\t\t\t\t<div class=\"w-post-elm post_image usg_post_image_1 grid_corner_image as_circle stretched\"><img decoding=\"async\" width=\"1024\" height=\"390\" src=\"https:\/\/9dwunastych.org\/wp-content\/uploads\/2021\/03\/9d-www-EDI-20-22-1024x390.png\" class=\"attachment-large size-large wp-post-image\" alt=\"\" srcset=\"https:\/\/9dwunastych.org\/wp-content\/uploads\/2021\/03\/9d-www-EDI-20-22-1024x390.png 1024w, https:\/\/9dwunastych.org\/wp-content\/uploads\/2021\/03\/9d-www-EDI-20-22-300x114.png 300w, https:\/\/9dwunastych.org\/wp-content\/uploads\/2021\/03\/9d-www-EDI-20-22-768x292.png 768w, https:\/\/9dwunastych.org\/wp-content\/uploads\/2021\/03\/9d-www-EDI-20-22-260x99.png 260w, https:\/\/9dwunastych.org\/wp-content\/uploads\/2021\/03\/9d-www-EDI-20-22-50x19.png 50w, https:\/\/9dwunastych.org\/wp-content\/uploads\/2021\/03\/9d-www-EDI-20-22-150x57.png 150w, https:\/\/9dwunastych.org\/wp-content\/uploads\/2021\/03\/9d-www-EDI-20-22.png 1845w\" sizes=\"(max-width: 1024px) 100vw, 1024px\" \/><\/div><div class=\"w-vwrapper usg_vwrapper_1 align_none valign_top\"><h2 class=\"w-post-elm post_title usg_post_title_1 has_text_color entry-title color_link_inherit\">Diversity &#8211; prevention of discrimination in adult education<\/h2><\/div>\t\t<\/div>\r\n\t<\/article>\r\n\t<article class=\"w-grid-item size_1x1 post-3075 us_portfolio type-us_portfolio status-publish has-post-thumbnail hentry\" data-id=\"3075\">\r\n\t\t<div class=\"w-grid-item-h\">\r\n\t\t\t\t\t\t\t<a href=\"https:\/\/9dwunastych.org\/en_us\/blog\/project\/regranting-w-roznorodnosci-sila-2018\/\" class=\"w-grid-item-anchor\" aria-label=\"Regranting &#8211; W R\u00f3\u017cnorodno\u015bci si\u0142a! 2018\"><\/a>\r\n\t\t\t\t\t\t<div class=\"w-post-elm post_image usg_post_image_1 grid_corner_image as_circle stretched\"><img decoding=\"async\" width=\"1024\" height=\"390\" src=\"https:\/\/9dwunastych.org\/wp-content\/uploads\/2020\/05\/9d-www-WRS-18-1024x390.png\" class=\"attachment-large size-large wp-post-image\" alt=\"\" srcset=\"https:\/\/9dwunastych.org\/wp-content\/uploads\/2020\/05\/9d-www-WRS-18-1024x390.png 1024w, https:\/\/9dwunastych.org\/wp-content\/uploads\/2020\/05\/9d-www-WRS-18-300x114.png 300w, https:\/\/9dwunastych.org\/wp-content\/uploads\/2020\/05\/9d-www-WRS-18-768x292.png 768w, https:\/\/9dwunastych.org\/wp-content\/uploads\/2020\/05\/9d-www-WRS-18-260x99.png 260w, https:\/\/9dwunastych.org\/wp-content\/uploads\/2020\/05\/9d-www-WRS-18-50x19.png 50w, https:\/\/9dwunastych.org\/wp-content\/uploads\/2020\/05\/9d-www-WRS-18-150x57.png 150w, https:\/\/9dwunastych.org\/wp-content\/uploads\/2020\/05\/9d-www-WRS-18.png 1230w\" sizes=\"(max-width: 1024px) 100vw, 1024px\" \/><\/div><div class=\"w-vwrapper usg_vwrapper_1 align_none valign_top\"><h2 class=\"w-post-elm post_title usg_post_title_1 has_text_color entry-title color_link_inherit\">Regranting &#8211; W R\u00f3\u017cnorodno\u015bci si\u0142a! 2018<\/h2><\/div>\t\t<\/div>\r\n\t<\/article>\r\n\t<article class=\"w-grid-item size_1x1 post-2982 us_portfolio type-us_portfolio status-publish has-post-thumbnail hentry\" data-id=\"2982\">\r\n\t\t<div class=\"w-grid-item-h\">\r\n\t\t\t\t\t\t\t<a href=\"https:\/\/9dwunastych.org\/en_us\/blog\/project\/akademia-mistrzostwa-spolecznego\/\" class=\"w-grid-item-anchor\" aria-label=\"Akademia Mistrzostwa Spo\u0142ecznego\"><\/a>\r\n\t\t\t\t\t\t<div class=\"w-post-elm post_image usg_post_image_1 grid_corner_image as_circle stretched\"><img loading=\"lazy\" decoding=\"async\" width=\"851\" height=\"192\" src=\"https:\/\/9dwunastych.org\/wp-content\/uploads\/2020\/04\/AMS-Stopka.jpg\" class=\"attachment-large size-large wp-post-image\" alt=\"\" srcset=\"https:\/\/9dwunastych.org\/wp-content\/uploads\/2020\/04\/AMS-Stopka.jpg 851w, https:\/\/9dwunastych.org\/wp-content\/uploads\/2020\/04\/AMS-Stopka-300x68.jpg 300w, https:\/\/9dwunastych.org\/wp-content\/uploads\/2020\/04\/AMS-Stopka-768x173.jpg 768w, https:\/\/9dwunastych.org\/wp-content\/uploads\/2020\/04\/AMS-Stopka-260x59.jpg 260w, https:\/\/9dwunastych.org\/wp-content\/uploads\/2020\/04\/AMS-Stopka-50x11.jpg 50w, https:\/\/9dwunastych.org\/wp-content\/uploads\/2020\/04\/AMS-Stopka-150x34.jpg 150w\" sizes=\"(max-width: 851px) 100vw, 851px\" \/><\/div><div class=\"w-vwrapper usg_vwrapper_1 align_none valign_top\"><h2 class=\"w-post-elm post_title usg_post_title_1 has_text_color entry-title color_link_inherit\">Akademia Mistrzostwa Spo\u0142ecznego<\/h2><\/div>\t\t<\/div>\r\n\t<\/article>\r\n\t<article class=\"w-grid-item size_1x1 post-2920 us_portfolio type-us_portfolio status-publish has-post-thumbnail hentry\" data-id=\"2920\">\r\n\t\t<div class=\"w-grid-item-h\">\r\n\t\t\t\t\t\t\t<a href=\"https:\/\/9dwunastych.org\/en_us\/blog\/project\/roznorodnosc-podaj-dalej-warsztaty-antydyskryminacyjne\/\" class=\"w-grid-item-anchor\" aria-label=\"R\u00f3\u017cnorodno\u015b\u0107 &#8211; podaj dalej! Warsztaty antydyskryminacyjne\"><\/a>\r\n\t\t\t\t\t\t<div class=\"w-post-elm post_image usg_post_image_1 grid_corner_image as_circle stretched\"><img loading=\"lazy\" decoding=\"async\" width=\"1024\" height=\"379\" src=\"https:\/\/9dwunastych.org\/wp-content\/uploads\/2016\/11\/RPD-i-PSR-16-logo-i-fb-1024x379.jpg\" class=\"attachment-large size-large wp-post-image\" alt=\"\" srcset=\"https:\/\/9dwunastych.org\/wp-content\/uploads\/2016\/11\/RPD-i-PSR-16-logo-i-fb-1024x379.jpg 1024w, https:\/\/9dwunastych.org\/wp-content\/uploads\/2016\/11\/RPD-i-PSR-16-logo-i-fb-300x111.jpg 300w, https:\/\/9dwunastych.org\/wp-content\/uploads\/2016\/11\/RPD-i-PSR-16-logo-i-fb-768x284.jpg 768w, https:\/\/9dwunastych.org\/wp-content\/uploads\/2016\/11\/RPD-i-PSR-16-logo-i-fb-260x96.jpg 260w, https:\/\/9dwunastych.org\/wp-content\/uploads\/2016\/11\/RPD-i-PSR-16-logo-i-fb-50x19.jpg 50w, https:\/\/9dwunastych.org\/wp-content\/uploads\/2016\/11\/RPD-i-PSR-16-logo-i-fb-150x56.jpg 150w\" sizes=\"(max-width: 1024px) 100vw, 1024px\" \/><\/div><div class=\"w-vwrapper usg_vwrapper_1 align_none valign_top\"><h2 class=\"w-post-elm post_title usg_post_title_1 has_text_color entry-title color_link_inherit\">R\u00f3\u017cnorodno\u015b\u0107 &#8211; podaj dalej! Warsztaty antydyskryminacyjne<\/h2><\/div>\t\t<\/div>\r\n\t<\/article>\r\n\t<article class=\"w-grid-item size_1x1 post-2359 us_portfolio type-us_portfolio status-publish has-post-thumbnail hentry\" data-id=\"2359\">\r\n\t\t<div class=\"w-grid-item-h\">\r\n\t\t\t\t\t\t\t<a href=\"https:\/\/9dwunastych.org\/en_us\/blog\/project\/roznorodnosc\/\" class=\"w-grid-item-anchor\" aria-label=\"Program Edukacji Antydyskryminacyjnej \u201eR\u00f3\u017cnorodno\u015b\u0107 &#8211; podaj dalej!\u201d\"><\/a>\r\n\t\t\t\t\t\t<div class=\"w-post-elm post_image usg_post_image_1 grid_corner_image as_circle stretched\"><img loading=\"lazy\" decoding=\"async\" width=\"439\" height=\"213\" src=\"https:\/\/9dwunastych.org\/wp-content\/uploads\/2015\/08\/9d-16-strona-internetowa-01-rpd.jpg\" class=\"attachment-large size-large wp-post-image\" alt=\"\" srcset=\"https:\/\/9dwunastych.org\/wp-content\/uploads\/2015\/08\/9d-16-strona-internetowa-01-rpd.jpg 439w, https:\/\/9dwunastych.org\/wp-content\/uploads\/2015\/08\/9d-16-strona-internetowa-01-rpd-300x146.jpg 300w, https:\/\/9dwunastych.org\/wp-content\/uploads\/2015\/08\/9d-16-strona-internetowa-01-rpd-260x126.jpg 260w, https:\/\/9dwunastych.org\/wp-content\/uploads\/2015\/08\/9d-16-strona-internetowa-01-rpd-50x24.jpg 50w, https:\/\/9dwunastych.org\/wp-content\/uploads\/2015\/08\/9d-16-strona-internetowa-01-rpd-150x73.jpg 150w\" sizes=\"(max-width: 439px) 100vw, 439px\" \/><\/div><div class=\"w-vwrapper usg_vwrapper_1 align_none valign_top\"><h2 class=\"w-post-elm post_title usg_post_title_1 has_text_color entry-title color_link_inherit\">Program Edukacji Antydyskryminacyjnej \u201eR\u00f3\u017cnorodno\u015b\u0107 &#8211; podaj dalej!\u201d<\/h2><\/div>\t\t<\/div>\r\n\t<\/article>\r\n<\/div><div class=\"w-grid-preloader\"><div class=\"g-preloader type_custom\">\r\n\t<div><img loading=\"lazy\" decoding=\"async\" width=\"300\" height=\"87\" src=\"https:\/\/9dwunastych.org\/wp-content\/uploads\/2016\/11\/logo-300x87.jpg\" class=\"attachment-medium size-medium\" alt=\"\" srcset=\"https:\/\/9dwunastych.org\/wp-content\/uploads\/2016\/11\/logo-300x87.jpg 300w, https:\/\/9dwunastych.org\/wp-content\/uploads\/2016\/11\/logo-260x75.jpg 260w, https:\/\/9dwunastych.org\/wp-content\/uploads\/2016\/11\/logo-50x14.jpg 50w, https:\/\/9dwunastych.org\/wp-content\/uploads\/2016\/11\/logo-150x43.jpg 150w, https:\/\/9dwunastych.org\/wp-content\/uploads\/2016\/11\/logo.jpg 307w\" sizes=\"(max-width: 300px) 100vw, 300px\" \/><\/div>\r\n<\/div>\r\n<\/div>\t<div class=\"w-grid-json hidden\" onclick='return {&quot;action&quot;:&quot;us_ajax_grid&quot;,&quot;ajax_url&quot;:&quot;https:\\\/\\\/9dwunastych.org\\\/wp-admin\\\/admin-ajax.php&quot;,&quot;infinite_scroll&quot;:0,&quot;max_num_pages&quot;:1,&quot;pagination&quot;:&quot;ajax&quot;,&quot;permalink_url&quot;:&quot;https:\\\/\\\/9dwunastych.org\\\/en_us\\\/wp-json\\\/wp\\\/v2\\\/pages\\\/3005&quot;,&quot;template_vars&quot;:{&quot;columns&quot;:&quot;3&quot;,&quot;exclude_items&quot;:&quot;none&quot;,&quot;img_size&quot;:&quot;default&quot;,&quot;ignore_items_size&quot;:0,&quot;items_layout&quot;:&quot;portfolio_16&quot;,&quot;items_offset&quot;:&quot;1&quot;,&quot;load_animation&quot;:&quot;none&quot;,&quot;overriding_link&quot;:&quot;%7B%22type%22%3A%22post%22%7D&quot;,&quot;post_id&quot;:0,&quot;query_args&quot;:{&quot;post_type&quot;:[&quot;us_portfolio&quot;],&quot;post_status&quot;:[&quot;publish&quot;,&quot;acf-disabled&quot;,&quot;wc-payu-waiting&quot;],&quot;posts_per_page&quot;:&quot;8&quot;},&quot;orderby_query_args&quot;:{&quot;orderby&quot;:{&quot;date&quot;:&quot;DESC&quot;}},&quot;type&quot;:&quot;grid&quot;,&quot;us_grid_ajax_index&quot;:1,&quot;us_grid_filter_params&quot;:null,&quot;us_grid_index&quot;:1,&quot;_us_grid_post_type&quot;:&quot;us_portfolio&quot;,&quot;page_args&quot;:[]}}'><\/div>\r\n\t<\/div><div class=\"w-separator size_medium with_line width_default thick_1 style_solid color_border align_center\"><div class=\"w-separator-h\"><\/div><\/div><\/div><\/div><\/div><\/div><\/div><\/section><section class=\"l-section wpb_row height_medium\"><div class=\"l-section-h i-cf\"><div class=\"g-cols vc_row via_flex valign_top type_default stacking_default\"><div class=\"vc_col-sm-12 wpb_column vc_column_container\"><div class=\"vc_column-inner\"><div class=\"wpb_wrapper\"><div class=\"w-image align_center\"><div class=\"w-image-h\"><img loading=\"lazy\" decoding=\"async\" width=\"1024\" height=\"390\" src=\"https:\/\/9dwunastych.org\/wp-content\/uploads\/2020\/04\/Strona-dorobek-bigg-1024x390.jpg\" class=\"attachment-large size-large\" alt=\"\" srcset=\"https:\/\/9dwunastych.org\/wp-content\/uploads\/2020\/04\/Strona-dorobek-bigg-1024x390.jpg 1024w, https:\/\/9dwunastych.org\/wp-content\/uploads\/2020\/04\/Strona-dorobek-bigg-300x114.jpg 300w, https:\/\/9dwunastych.org\/wp-content\/uploads\/2020\/04\/Strona-dorobek-bigg-768x292.jpg 768w, https:\/\/9dwunastych.org\/wp-content\/uploads\/2020\/04\/Strona-dorobek-bigg-260x99.jpg 260w, https:\/\/9dwunastych.org\/wp-content\/uploads\/2020\/04\/Strona-dorobek-bigg-50x19.jpg 50w, https:\/\/9dwunastych.org\/wp-content\/uploads\/2020\/04\/Strona-dorobek-bigg-150x57.jpg 150w, https:\/\/9dwunastych.org\/wp-content\/uploads\/2020\/04\/Strona-dorobek-bigg.jpg 1230w\" sizes=\"(max-width: 1024px) 100vw, 1024px\" \/><\/div><\/div><div class=\"wpb_text_column\"><div class=\"wpb_wrapper\"><p>9dwunastych zosta\u0142o za\u0142o\u017cone przez osoby zaanga\u017cowane w realizacj\u0119 r\u00f3\u017cnorodnych przedsi\u0119wzi\u0119\u0107 dotycz\u0105cych animacji kultury i dialogu mi\u0119dzykulturowego w 2009 roku jako Stowarzyszenie na rzecz Kultury i Dialogu 9\/12. Wcze\u015bniej osoby te wielokrotnie realizowa\u0142y swoje projekty w ramach organizacji studenckich lub grup nieformalnych. Na pocz\u0105tku zajmowali-\u0142y\u015bmy si\u0119 dzia\u0142alno\u015bci\u0105 spo\u0142eczn\u0105 i kulturaln\u0105, organizowaniem wydarze\u0144 kulturalnych, edukacj\u0105 artystyczn\u0105 i antydyskryminacyjn\u0105. Z czasem do\u0142\u0105czy\u0142y projekty spo\u0142eczne, a r\u00f3\u017cnorodno\u015b\u0107 wzi\u0119\u0142a g\u00f3r\u0119. W tej zak\u0142adce mo\u017cecie zapozna\u0107 si\u0119 z naszym dorobkiem.<\/p>\n<ul>\n<li>\n<h4><a href=\"https:\/\/9dwunastych.org\/en_us\/akademia-mistrzostwa-spolecznego\/\">AKADEMIA MISTRZOSTWA SPO\u0141ECZNEGO (2014 &#8211; 2016)<\/a><\/h4>\n<\/li>\n<li>\n<h4><a href=\"https:\/\/9dwunastych.org\/en_us\/roznorodnosc\/\">PROGRAM EDUKACJI ANTYDYSKRYMINACYJNEJ &#8222;R\u00d3\u017bNORODNO\u015a\u0106 &#8211; PODAJ DALEJ!&#8221; (2012 &#8211; 2016)<\/a><\/h4>\n<\/li>\n<li>\n<h4><span style=\"color: #999999;\">FESTIWAL TEATR\u00d3W AMATORSKICH &#8222;MIKSTURA&#8221; (2009 &#8211; 2012)<\/span><\/h4>\n<\/li>\n<li>\n<h4><a href=\"http:\/\/nienormatograf.blogspot.com\/\"><span style=\"color: #000000;\">FESTIWAL KULTURY QUEER &#8222;NIENORMATOGRAF&#8221; (2011)<\/span><\/a><\/h4>\n<\/li>\n<li>\n<h4><a href=\"https:\/\/projektdziewczyny.wordpress.com\/\"><span style=\"color: #000000;\">DZIEW\/CZYNY (2012 &#8211; 2016)<\/span><\/a><\/h4>\n<\/li>\n<\/ul>\n<\/div><\/div><\/div><\/div><\/div><\/div><\/div><\/section>","protected":false},"excerpt":{"rendered":"Program Edukacji Antydyskryminacyjnej \u201eR\u00f3\u017cnorodno\u015b\u0107 &#8211; podaj dalej!\u201d jest najd\u0142u\u017cej trwaj\u0105cym dzia\u0142aniem stowarzyszenia 9dwunastych. Celem programu jest wdra\u017canie jak najszersze wdra\u017canie element\u00f3w edukacji antydyskryminacyjnej w systemie edukacji formalnej, kszta\u0142towanie postaw akceptacji odmienno\u015bci i otwarto\u015bci na r\u00f3\u017cnorodno\u015b\u0107 spo\u0142eczn\u0105 w\u015br\u00f3d m\u0142odzie\u017cy i os\u00f3b doros\u0142ych oraz wspieranie os\u00f3b zajmuj\u0105cych si\u0119 edukacj\u0105 antydyskryminacyjn\u0105 w wojew\u00f3dztwie podlaskim oraz innych obszarach Polski....","protected":false},"author":2,"featured_media":0,"parent":0,"menu_order":0,"comment_status":"closed","ping_status":"closed","template":"","meta":{"footnotes":""},"class_list":["post-3005","page","type-page","status-publish","hentry"],"acf":[],"jetpack_sharing_enabled":true,"_links":{"self":[{"href":"https:\/\/9dwunastych.org\/en_us\/wp-json\/wp\/v2\/pages\/3005"}],"collection":[{"href":"https:\/\/9dwunastych.org\/en_us\/wp-json\/wp\/v2\/pages"}],"about":[{"href":"https:\/\/9dwunastych.org\/en_us\/wp-json\/wp\/v2\/types\/page"}],"author":[{"embeddable":true,"href":"https:\/\/9dwunastych.org\/en_us\/wp-json\/wp\/v2\/users\/2"}],"replies":[{"embeddable":true,"href":"https:\/\/9dwunastych.org\/en_us\/wp-json\/wp\/v2\/comments?post=3005"}],"version-history":[{"count":22,"href":"https:\/\/9dwunastych.org\/en_us\/wp-json\/wp\/v2\/pages\/3005\/revisions"}],"predecessor-version":[{"id":3499,"href":"https:\/\/9dwunastych.org\/en_us\/wp-json\/wp\/v2\/pages\/3005\/revisions\/3499"}],"wp:attachment":[{"href":"https:\/\/9dwunastych.org\/en_us\/wp-json\/wp\/v2\/media?parent=3005"}],"curies":[{"name":"wp","href":"https:\/\/api.w.org\/{rel}","templated":true}]}}