{"id":3050,"date":"2020-05-13T22:26:07","date_gmt":"2020-05-13T20:26:07","guid":{"rendered":"https:\/\/9dwunastych.org\/?page_id=3050"},"modified":"2024-10-21T12:42:16","modified_gmt":"2024-10-21T10:42:16","slug":"wspieraj-misje","status":"publish","type":"page","link":"https:\/\/9dwunastych.org\/en_us\/wspieraj-misje\/","title":{"rendered":"Wspieraj misj\u0119"},"content":{"rendered":"<div data-elementor-type=\"wp-page\" data-elementor-id=\"3050\" class=\"elementor elementor-3050\">\n\t\t\t\t<div class=\"elementor-element elementor-element-23d2680 e-flex e-con-boxed e-con e-parent\" data-id=\"23d2680\" data-element_type=\"container\">\n\t\t\t\t\t<div class=\"e-con-inner\">\n\t\t\t\t<div class=\"elementor-element elementor-element-4693f7c elementor-widget elementor-widget-heading\" data-id=\"4693f7c\" data-element_type=\"widget\" data-widget_type=\"heading.default\">\n\t\t\t\t<div class=\"elementor-widget-container\">\n\t\t\t<style>\/*! elementor - v3.21.0 - 08-05-2024 *\/\n.elementor-heading-title{padding:0;margin:0;line-height:1}.elementor-widget-heading .elementor-heading-title[class*=elementor-size-]>a{color:inherit;font-size:inherit;line-height:inherit}.elementor-widget-heading .elementor-heading-title.elementor-size-small{font-size:15px}.elementor-widget-heading .elementor-heading-title.elementor-size-medium{font-size:19px}.elementor-widget-heading .elementor-heading-title.elementor-size-large{font-size:29px}.elementor-widget-heading .elementor-heading-title.elementor-size-xl{font-size:39px}.elementor-widget-heading .elementor-heading-title.elementor-size-xxl{font-size:59px}<\/style><h2 class=\"elementor-heading-title elementor-size-default\">Wspieraj misj\u0119<\/h2>\t\t<\/div>\n\t\t\t\t<\/div>\n\t\t\t\t<div class=\"elementor-element elementor-element-e0e2cad elementor-widget elementor-widget-html\" data-id=\"e0e2cad\" data-element_type=\"widget\" data-widget_type=\"html.default\">\n\t\t\t\t<div class=\"elementor-widget-container\">\n\t\t\t<div class=\"wplacam-container\" data-url=\"https:\/\/nowe.platnosci.ngo.pl\/pl\/public\/campaign\/5gOX85\"> <\/div><script src=\"https:\/\/nowe.platnosci.ngo.pl\/campaign.js\"><\/script>\t\t<\/div>\n\t\t\t\t<\/div>\n\t\t\t\t<div class=\"elementor-element elementor-element-3fb1ef3 elementor-widget elementor-widget-html\" data-id=\"3fb1ef3\" data-element_type=\"widget\" data-widget_type=\"html.default\">\n\t\t\t\t<div class=\"elementor-widget-container\">\n\t\t\t<div class=\"wplacam-container\" data-url=\"https:\/\/nowe.platnosci.ngo.pl\/pl\/public\/campaign\/5oObB5\"> <\/div><script src=\"https:\/\/nowe.platnosci.ngo.pl\/campaign.js\"><\/script>\t\t<\/div>\n\t\t\t\t<\/div>\n\t\t\t\t\t<\/div>\n\t\t\t\t<\/div>\n\t\t<div class=\"elementor-element elementor-element-f7d293e e-flex e-con-boxed e-con e-parent\" data-id=\"f7d293e\" data-element_type=\"container\" data-settings=\"{&quot;background_background&quot;:&quot;slideshow&quot;,&quot;background_slideshow_gallery&quot;:[{&quot;id&quot;:3716,&quot;url&quot;:&quot;https:\\\/\\\/9dwunastych.org\\\/wp-content\\\/uploads\\\/2024\\\/05\\\/annie-spratt-NrflUuJJK0I-unsplash.jpg&quot;}],&quot;background_slideshow_loop&quot;:&quot;yes&quot;,&quot;background_slideshow_slide_duration&quot;:5000,&quot;background_slideshow_slide_transition&quot;:&quot;fade&quot;,&quot;background_slideshow_transition_duration&quot;:500}\">\n\t\t\t\t\t<div class=\"e-con-inner\">\n\t\t<div class=\"elementor-element elementor-element-d29ea68 e-con-full e-flex e-con e-child\" data-id=\"d29ea68\" data-element_type=\"container\">\n\t\t\t\t<div class=\"elementor-element elementor-element-878488a elementor-widget elementor-widget-heading\" data-id=\"878488a\" data-element_type=\"widget\" data-widget_type=\"heading.default\">\n\t\t\t\t<div class=\"elementor-widget-container\">\n\t\t\t<h2 class=\"elementor-heading-title elementor-size-default\">Herbaty z misj\u0105<\/h2>\t\t<\/div>\n\t\t\t\t<\/div>\n\t\t\t\t<\/div>\n\t\t<div class=\"elementor-element elementor-element-07d967d e-con-full e-flex e-con e-child\" data-id=\"07d967d\" data-element_type=\"container\" data-settings=\"{&quot;background_background&quot;:&quot;classic&quot;}\">\n\t\t\t\t<div class=\"elementor-element elementor-element-5c1b26c elementor-widget elementor-widget-image\" data-id=\"5c1b26c\" data-element_type=\"widget\" data-widget_type=\"image.default\">\n\t\t\t\t<div class=\"elementor-widget-container\">\n\t\t\t<style>\/*! elementor - v3.21.0 - 08-05-2024 *\/\n.elementor-widget-image{text-align:center}.elementor-widget-image a{display:inline-block}.elementor-widget-image a img[src$=\".svg\"]{width:48px}.elementor-widget-image img{vertical-align:middle;display:inline-block}<\/style>\t\t\t\t\t\t\t\t\t\t\t<a href=\"https:\/\/dworzysk.pl\/\">\n\t\t\t\t\t\t\t<img decoding=\"async\" width=\"300\" height=\"95\" src=\"https:\/\/9dwunastych.org\/wp-content\/uploads\/2024\/05\/dworzysk-logo-300x95.webp\" class=\"attachment-medium size-medium wp-image-3715\" alt=\"Logo partnera Herbaty z misj\u0105 DWORZYSK\" srcset=\"https:\/\/9dwunastych.org\/wp-content\/uploads\/2024\/05\/dworzysk-logo-300x95.webp 300w, https:\/\/9dwunastych.org\/wp-content\/uploads\/2024\/05\/dworzysk-logo-1024x325.webp 1024w, https:\/\/9dwunastych.org\/wp-content\/uploads\/2024\/05\/dworzysk-logo-18x6.webp 18w, https:\/\/9dwunastych.org\/wp-content\/uploads\/2024\/05\/dworzysk-logo-472x150.webp 472w\" sizes=\"(max-width: 300px) 100vw, 300px\" \/>\t\t\t\t\t\t\t\t<\/a>\n\t\t\t\t\t\t\t\t\t\t\t\t\t<\/div>\n\t\t\t\t<\/div>\n\t\t\t\t<div class=\"elementor-element elementor-element-7176358 elementor-widget elementor-widget-heading\" data-id=\"7176358\" data-element_type=\"widget\" data-widget_type=\"heading.default\">\n\t\t\t\t<div class=\"elementor-widget-container\">\n\t\t\t<h3 class=\"elementor-heading-title elementor-size-default\">KUPUJ I PIJ HERBATY Z MISJ\u0104<\/h3>\t\t<\/div>\n\t\t\t\t<\/div>\n\t\t\t\t<div class=\"elementor-element elementor-element-9e5d626 elementor-widget elementor-widget-text-editor\" data-id=\"9e5d626\" data-element_type=\"widget\" data-widget_type=\"text-editor.default\">\n\t\t\t\t<div class=\"elementor-widget-container\">\n\t\t\t<style>\/*! elementor - v3.21.0 - 08-05-2024 *\/\n.elementor-widget-text-editor.elementor-drop-cap-view-stacked .elementor-drop-cap{background-color:#69727d;color:#fff}.elementor-widget-text-editor.elementor-drop-cap-view-framed .elementor-drop-cap{color:#69727d;border:3px solid;background-color:transparent}.elementor-widget-text-editor:not(.elementor-drop-cap-view-default) .elementor-drop-cap{margin-top:8px}.elementor-widget-text-editor:not(.elementor-drop-cap-view-default) .elementor-drop-cap-letter{width:1em;height:1em}.elementor-widget-text-editor .elementor-drop-cap{float:left;text-align:center;line-height:1;font-size:50px}.elementor-widget-text-editor .elementor-drop-cap-letter{display:inline-block}<\/style>\t\t\t\t<div class=\"gmail_default\">Dzi\u0119ki nim mo\u017cesz po\u0142\u0105czy\u0107 przyjemne z po\u017cytecznym &#8211; pi\u0107 pyszne herbaty i pomaga\u0107 nam realizowa\u0107 nasz\u0105 misj\u0119: wsp\u00f3lnie budowa\u0107 \u015bwiat bezpieczny i przyjazny dla wszystkich.\u00a0<\/div><div class=\"gmail_default\">\u00a0<\/div><div class=\"gmail_default\">Dzi\u0119ki wspania\u0142omy\u015blno\u015bci zaprzyja\u017anionej lokalnej podlaskiej firmy Dworzysk macie do wyboru ju\u017c dwie herbaty z misj\u0105. Z ka\u017cdego sprzedanego opakowania tych herbat Dworzysk przekazuje z\u0142ot\u00f3wk\u0119 na realizacj\u0119 naszej misji.<\/div>\t\t\t\t\t\t<\/div>\n\t\t\t\t<\/div>\n\t\t\t\t<\/div>\n\t\t<div class=\"elementor-element elementor-element-977894c e-con-full e-flex e-con e-child\" data-id=\"977894c\" data-element_type=\"container\" data-settings=\"{&quot;background_background&quot;:&quot;classic&quot;}\">\n\t\t\t\t<div class=\"elementor-element elementor-element-6f23b52 elementor-mobile-align-center elementor-widget elementor-widget-button\" data-id=\"6f23b52\" data-element_type=\"widget\" data-widget_type=\"button.default\">\n\t\t\t\t<div class=\"elementor-widget-container\">\n\t\t\t\t\t<div class=\"elementor-button-wrapper\">\n\t\t\t<a class=\"elementor-button elementor-button-link elementor-size-sm elementor-animation-pulse\" href=\"https:\/\/dworzysk.pl\/sklep\/herbatki-ziolowe\/rozgrzej-sie-60-g\/\" target=\"_blank\">\n\t\t\t\t\t\t<span class=\"elementor-button-content-wrapper\">\n\t\t\t\t\t\t<span class=\"elementor-button-icon elementor-align-icon-right\">\n\t\t\t\t<svg aria-hidden=\"true\" class=\"e-font-icon-svg e-fas-angle-right\" viewbox=\"0 0 256 512\" xmlns=\"http:\/\/www.w3.org\/2000\/svg\"><path d=\"M224.3 273l-136 136c-9.4 9.4-24.6 9.4-33.9 0l-22.6-22.6c-9.4-9.4-9.4-24.6 0-33.9l96.4-96.4-96.4-96.4c-9.4-9.4-9.4-24.6 0-33.9L54.3 103c9.4-9.4 24.6-9.4 33.9 0l136 136c9.5 9.4 9.5 24.6.1 34z\"><\/path><\/svg>\t\t\t<\/span>\n\t\t\t\t\t\t\t\t\t<span class=\"elementor-button-text\">ROZGRZEJ SI\u0118<\/span>\n\t\t\t\t\t<\/span>\n\t\t\t\t\t<\/a>\n\t\t<\/div>\n\t\t\t\t<\/div>\n\t\t\t\t<\/div>\n\t\t\t\t<div class=\"elementor-element elementor-element-bc032ea elementor-widget elementor-widget-text-editor\" data-id=\"bc032ea\" data-element_type=\"widget\" data-widget_type=\"text-editor.default\">\n\t\t\t\t<div class=\"elementor-widget-container\">\n\t\t\t\t\t\t\t<p>Starannie skomponowane sk\u0142adniki wspieraj\u0105 odporno\u015b\u0107 i prac\u0119 uk\u0142adu pokarmowego. Korzenne dodatki rozgrzewaj\u0105 kiedy zmarzniemy lub czujemy pierwsze oznaki przezi\u0119bienia. W jesienne i zimowe dni mieszanka Rozgrzej Si\u0119 pomaga zapomnie\u0107 o ch\u0142odzie za oknem, latem sprawdzi si\u0119 jako baza pysznej lemoniady zio\u0142owej.<\/p>\t\t\t\t\t\t<\/div>\n\t\t\t\t<\/div>\n\t\t\t\t<div class=\"elementor-element elementor-element-3bc15eb elementor-mobile-align-center elementor-widget elementor-widget-button\" data-id=\"3bc15eb\" data-element_type=\"widget\" data-widget_type=\"button.default\">\n\t\t\t\t<div class=\"elementor-widget-container\">\n\t\t\t\t\t<div class=\"elementor-button-wrapper\">\n\t\t\t<a class=\"elementor-button elementor-button-link elementor-size-sm elementor-animation-pulse\" href=\"https:\/\/dworzysk.pl\/sklep\/mieszanki-ziolowe\/mieszanka-ziolowa-roztancz-sie-35-g\/\" target=\"_blank\">\n\t\t\t\t\t\t<span class=\"elementor-button-content-wrapper\">\n\t\t\t\t\t\t<span class=\"elementor-button-icon elementor-align-icon-right\">\n\t\t\t\t<svg aria-hidden=\"true\" class=\"e-font-icon-svg e-fas-angle-right\" viewbox=\"0 0 256 512\" xmlns=\"http:\/\/www.w3.org\/2000\/svg\"><path d=\"M224.3 273l-136 136c-9.4 9.4-24.6 9.4-33.9 0l-22.6-22.6c-9.4-9.4-9.4-24.6 0-33.9l96.4-96.4-96.4-96.4c-9.4-9.4-9.4-24.6 0-33.9L54.3 103c9.4-9.4 24.6-9.4 33.9 0l136 136c9.5 9.4 9.5 24.6.1 34z\"><\/path><\/svg>\t\t\t<\/span>\n\t\t\t\t\t\t\t\t\t<span class=\"elementor-button-text\">ROZTA\u0143CZ SI\u0118<\/span>\n\t\t\t\t\t<\/span>\n\t\t\t\t\t<\/a>\n\t\t<\/div>\n\t\t\t\t<\/div>\n\t\t\t\t<\/div>\n\t\t\t\t<div class=\"elementor-element elementor-element-4699190 elementor-widget elementor-widget-text-editor\" data-id=\"4699190\" data-element_type=\"widget\" data-widget_type=\"text-editor.default\">\n\t\t\t\t<div class=\"elementor-widget-container\">\n\t\t\t\t\t\t\t<p>Harmonijnie dobrane sk\u0142adniki mieszanki Rozta\u0144cz Si\u0119 u\u0142atwiaj\u0105 utrzymanie wewn\u0119trznej r\u00f3wnowagi, wspieraj\u0105 odporno\u015b\u0107, przemian\u0119 materii i oczyszczanie organizmu. Ta mieszanka to wspomnienie ciep\u0142ych dni zamkni\u0119te w puszce pe\u0142nej zi\u00f3\u0142. Napar pity na ciep\u0142o lub na zimno pomaga wej\u015b\u0107 tanecznym krokiem w kolejny dzie\u0144.<\/p>\t\t\t\t\t\t<\/div>\n\t\t\t\t<\/div>\n\t\t\t\t<\/div>\n\t\t\t\t\t<\/div>\n\t\t\t\t<\/div>\n\t\t<div class=\"elementor-element elementor-element-7ee2946 e-flex e-con-boxed e-con e-parent\" data-id=\"7ee2946\" data-element_type=\"container\">\n\t\t\t\t\t<div class=\"e-con-inner\">\n\t\t<div class=\"elementor-element elementor-element-4016b7b e-con-full e-flex e-con e-child\" data-id=\"4016b7b\" data-element_type=\"container\">\n\t\t\t\t<div class=\"elementor-element elementor-element-72c7e4a elementor-widget elementor-widget-heading\" data-id=\"72c7e4a\" data-element_type=\"widget\" data-widget_type=\"heading.default\">\n\t\t\t\t<div class=\"elementor-widget-container\">\n\t\t\t<h2 class=\"elementor-heading-title elementor-size-default\">PRZEKA\u017b DAROWIZN\u0118 LUB USTAW STA\u0141E MIESI\u0118CZNE ZLECENIE DAROWIZNY\u200b<\/h2>\t\t<\/div>\n\t\t\t\t<\/div>\n\t\t\t\t<div class=\"elementor-element elementor-element-a1a5b27 elementor-widget elementor-widget-text-editor\" data-id=\"a1a5b27\" data-element_type=\"widget\" data-widget_type=\"text-editor.default\">\n\t\t\t\t<div class=\"elementor-widget-container\">\n\t\t\t\t\t\t\t<ul><li>Nazwa banku:\u00a0<strong>BG\u017b BNP PARIBAS<\/strong><\/li><li>Nr.\u00a0konta:\u00a0<strong>06 1600 1462 1025 2284 3000 0007<\/strong><\/li><li>Tytu\u0142 przelewu:\u00a0<strong>Darowizna na\u00a0cele statutowe<\/strong><\/li><\/ul>\t\t\t\t\t\t<\/div>\n\t\t\t\t<\/div>\n\t\t\t\t<\/div>\n\t\t<div class=\"elementor-element elementor-element-8071fd7 e-con-full e-flex e-con e-child\" data-id=\"8071fd7\" data-element_type=\"container\">\n\t\t\t\t<div class=\"elementor-element elementor-element-65dca70 elementor-widget elementor-widget-heading\" data-id=\"65dca70\" data-element_type=\"widget\" data-widget_type=\"heading.default\">\n\t\t\t\t<div class=\"elementor-widget-container\">\n\t\t\t<h2 class=\"elementor-heading-title elementor-size-default\">ZAM\u00d3W U NAS SZKOLENIE DLA SWOJEJ FIRMY LUB INSTYTUCJI<\/h2>\t\t<\/div>\n\t\t\t\t<\/div>\n\t\t\t\t<div class=\"elementor-element elementor-element-ef18242 elementor-widget elementor-widget-text-editor\" data-id=\"ef18242\" data-element_type=\"widget\" data-widget_type=\"text-editor.default\">\n\t\t\t\t<div class=\"elementor-widget-container\">\n\t\t\t\t\t\t\t<ul><li>Zapoznaj si\u0119 z nasz\u0105 <a href=\"https:\/\/9dwunastych.org\/en_us\/oferta\/\" target=\"_blank\" rel=\"noopener\"><strong>OFERT\u0104<\/strong><\/a> dla firm i instytucji.<\/li><li>Wybierz szkolenie i rozwi\u0144 swoj\u0105 firm\u0119 w dziedzinie r\u00f3wno\u015bci i r\u00f3\u017cnorodno\u015bci.<\/li><li>Zach\u0119\u0107 inne osoby, by\u00a0te\u017c to\u00a0zrobi\u0142y!<\/li><\/ul>\t\t\t\t\t\t<\/div>\n\t\t\t\t<\/div>\n\t\t\t\t<\/div>\n\t\t<div class=\"elementor-element elementor-element-c787060 e-con-full e-flex e-con e-child\" data-id=\"c787060\" data-element_type=\"container\">\n\t\t\t\t<div class=\"elementor-element elementor-element-687d8f7 elementor-widget elementor-widget-heading\" data-id=\"687d8f7\" data-element_type=\"widget\" data-widget_type=\"heading.default\">\n\t\t\t\t<div class=\"elementor-widget-container\">\n\t\t\t<h2 class=\"elementor-heading-title elementor-size-default\">MASZ INN\u0104 PROPOZYCJ\u0118 WSPARCIA NASZYCH DZIA\u0141A\u0143?<\/h2>\t\t<\/div>\n\t\t\t\t<\/div>\n\t\t\t\t<div class=\"elementor-element elementor-element-8d38a87 elementor-widget elementor-widget-text-editor\" data-id=\"8d38a87\" data-element_type=\"widget\" data-widget_type=\"text-editor.default\">\n\t\t\t\t<div class=\"elementor-widget-container\">\n\t\t\t\t\t\t\t<ul><li>napisz:\u00a0<a href=\"mailto:anna.kozicka@9dwunastych.org\"><span style=\"font-weight: var(--bold-font-weight,bold );\">anna.kozicka@9dwunastych.org<\/span><\/a><\/li><li>zadzwo\u0144:\u00a0<a href=\"tel: 48535912008\"><span style=\"font-weight: var(--bold-font-weight,bold );\">+48 535 912 008<\/span><\/a><\/li><\/ul>\t\t\t\t\t\t<\/div>\n\t\t\t\t<\/div>\n\t\t\t\t<\/div>\n\t\t\t\t\t<\/div>\n\t\t\t\t<\/div>\n\t\t\t\t<\/div>","protected":false},"excerpt":{"rendered":"<p>Wspieraj misj\u0119 Herbaty z misj\u0105 KUPUJ I PIJ HERBATY Z MISJ\u0104 Dzi\u0119ki nim mo\u017cesz po\u0142\u0105czy\u0107 przyjemne z po\u017cytecznym &#8211; pi\u0107 pyszne herbaty i pomaga\u0107 nam realizowa\u0107 nasz\u0105 misj\u0119: wsp\u00f3lnie budowa\u0107 \u015bwiat bezpieczny i przyjazny dla wszystkich.\u00a0\u00a0Dzi\u0119ki wspania\u0142omy\u015blno\u015bci zaprzyja\u017anionej lokalnej podlaskiej firmy Dworzysk macie do wyboru ju\u017c dwie herbaty z misj\u0105. Z ka\u017cdego sprzedanego opakowania tych&#8230;<\/p>","protected":false},"author":2,"featured_media":0,"parent":0,"menu_order":0,"comment_status":"closed","ping_status":"closed","template":"","meta":{"footnotes":""},"class_list":["post-3050","page","type-page","status-publish","hentry"],"acf":[],"jetpack_sharing_enabled":true,"_links":{"self":[{"href":"https:\/\/9dwunastych.org\/en_us\/wp-json\/wp\/v2\/pages\/3050"}],"collection":[{"href":"https:\/\/9dwunastych.org\/en_us\/wp-json\/wp\/v2\/pages"}],"about":[{"href":"https:\/\/9dwunastych.org\/en_us\/wp-json\/wp\/v2\/types\/page"}],"author":[{"embeddable":true,"href":"https:\/\/9dwunastych.org\/en_us\/wp-json\/wp\/v2\/users\/2"}],"replies":[{"embeddable":true,"href":"https:\/\/9dwunastych.org\/en_us\/wp-json\/wp\/v2\/comments?post=3050"}],"version-history":[{"count":59,"href":"https:\/\/9dwunastych.org\/en_us\/wp-json\/wp\/v2\/pages\/3050\/revisions"}],"predecessor-version":[{"id":4054,"href":"https:\/\/9dwunastych.org\/en_us\/wp-json\/wp\/v2\/pages\/3050\/revisions\/4054"}],"wp:attachment":[{"href":"https:\/\/9dwunastych.org\/en_us\/wp-json\/wp\/v2\/media?parent=3050"}],"curies":[{"name":"wp","href":"https:\/\/api.w.org\/{rel}","templated":true}]}}