{"id":3614,"date":"2024-04-21T12:11:11","date_gmt":"2024-04-21T10:11:11","guid":{"rendered":"https:\/\/9dwunastych.org\/?page_id=3614"},"modified":"2024-10-30T15:29:01","modified_gmt":"2024-10-30T14:29:01","slug":"9dwunastych","status":"publish","type":"page","link":"https:\/\/9dwunastych.org\/en_us\/","title":{"rendered":"9dwunastych"},"content":{"rendered":"<div data-elementor-type=\"wp-page\" data-elementor-id=\"3614\" class=\"elementor elementor-3614\">\n\t\t\t\t<div class=\"elementor-element elementor-element-f11e8df e-grid e-con-boxed e-con e-parent\" data-id=\"f11e8df\" data-element_type=\"container\" data-settings=\"{&quot;background_background&quot;:&quot;gradient&quot;}\">\n\t\t\t\t\t<div class=\"e-con-inner\">\n\t\t\t\t<div class=\"elementor-element elementor-element-381838d elementor-widget elementor-widget-image-carousel\" data-id=\"381838d\" data-element_type=\"widget\" data-settings=\"{&quot;slides_to_show&quot;:&quot;1&quot;,&quot;navigation&quot;:&quot;none&quot;,&quot;effect&quot;:&quot;fade&quot;,&quot;autoplay&quot;:&quot;yes&quot;,&quot;pause_on_hover&quot;:&quot;yes&quot;,&quot;pause_on_interaction&quot;:&quot;yes&quot;,&quot;autoplay_speed&quot;:5000,&quot;infinite&quot;:&quot;yes&quot;,&quot;speed&quot;:500}\" data-widget_type=\"image-carousel.default\">\n\t\t\t\t<div class=\"elementor-widget-container\">\n\t\t\t<style>\/*! elementor - v3.21.0 - 08-05-2024 *\/\n.elementor-widget-image-carousel .swiper,.elementor-widget-image-carousel .swiper-container{position:static}.elementor-widget-image-carousel .swiper-container .swiper-slide figure,.elementor-widget-image-carousel .swiper .swiper-slide figure{line-height:inherit}.elementor-widget-image-carousel .swiper-slide{text-align:center}.elementor-image-carousel-wrapper:not(.swiper-container-initialized):not(.swiper-initialized) .swiper-slide{max-width:calc(100% \/ var(--e-image-carousel-slides-to-show, 3))}<\/style>\t\t<div class=\"elementor-image-carousel-wrapper swiper\" dir=\"ltr\">\n\t\t\t<div class=\"elementor-image-carousel swiper-wrapper\" aria-live=\"off\">\n\t\t\t\t\t\t\t\t<div class=\"swiper-slide\" role=\"group\" aria-roledescription=\"slide\" aria-label=\"1 of 4\"><figure class=\"swiper-slide-inner\"><img decoding=\"async\" class=\"swiper-slide-image\" src=\"https:\/\/9dwunastych.org\/wp-content\/uploads\/2024\/10\/1-4.png\" alt=\"1\" \/><\/figure><\/div><div class=\"swiper-slide\" role=\"group\" aria-roledescription=\"slide\" aria-label=\"2 of 4\"><figure class=\"swiper-slide-inner\"><img decoding=\"async\" class=\"swiper-slide-image\" src=\"https:\/\/9dwunastych.org\/wp-content\/uploads\/2024\/10\/2-4.png\" alt=\"2\" \/><\/figure><\/div><div class=\"swiper-slide\" role=\"group\" aria-roledescription=\"slide\" aria-label=\"3 of 4\"><figure class=\"swiper-slide-inner\"><img decoding=\"async\" class=\"swiper-slide-image\" src=\"https:\/\/9dwunastych.org\/wp-content\/uploads\/2024\/10\/3-4.png\" alt=\"3\" \/><\/figure><\/div><div class=\"swiper-slide\" role=\"group\" aria-roledescription=\"slide\" aria-label=\"4 of 4\"><figure class=\"swiper-slide-inner\"><img decoding=\"async\" class=\"swiper-slide-image\" src=\"https:\/\/9dwunastych.org\/wp-content\/uploads\/2024\/10\/4-2.png\" alt=\"4\" \/><\/figure><\/div>\t\t\t<\/div>\n\t\t\t\t\t\t\t\n\t\t\t\t\t\t\t\t\t<\/div>\n\t\t\t\t<\/div>\n\t\t\t\t<\/div>\n\t\t\t\t<div class=\"elementor-element elementor-element-5704faf elementor-widget elementor-widget-text-editor\" data-id=\"5704faf\" data-element_type=\"widget\" data-settings=\"{&quot;_animation&quot;:&quot;none&quot;,&quot;_animation_delay&quot;:1000}\" data-widget_type=\"text-editor.default\">\n\t\t\t\t<div class=\"elementor-widget-container\">\n\t\t\t<style>\/*! elementor - v3.21.0 - 08-05-2024 *\/\n.elementor-widget-text-editor.elementor-drop-cap-view-stacked .elementor-drop-cap{background-color:#69727d;color:#fff}.elementor-widget-text-editor.elementor-drop-cap-view-framed .elementor-drop-cap{color:#69727d;border:3px solid;background-color:transparent}.elementor-widget-text-editor:not(.elementor-drop-cap-view-default) .elementor-drop-cap{margin-top:8px}.elementor-widget-text-editor:not(.elementor-drop-cap-view-default) .elementor-drop-cap-letter{width:1em;height:1em}.elementor-widget-text-editor .elementor-drop-cap{float:left;text-align:center;line-height:1;font-size:50px}.elementor-widget-text-editor .elementor-drop-cap-letter{display:inline-block}<\/style>\t\t\t\t<h6>Prowadzimy <strong>edukacj\u0119 antydyskryminacyjn\u0105<\/strong>, r\u00f3wno\u015bciow\u0105, warsztaty asertywno\u015bci i samoobrony dla os\u00f3b kobiecych <strong>WenDo<\/strong>.<\/h6><h6 style=\"text-align: center;\">Prowadzimy w Bia\u0142ymstoku <strong>ogr\u00f3d spo\u0142eczno\u015bciowy<\/strong> i <strong>feministyczn\u0105 bibliotek\u0119<\/strong>. Wspieramy organizacje, instytucje oraz lokalne spo\u0142eczno\u015bci w <strong>dzia\u0142aniach na rzecz praw cz\u0142owieka<\/strong> i wprowadzaniu r\u00f3wno\u015bciowych standard\u00f3w funkcjonowania.<\/h6><h6 style=\"text-align: center;\">Tym, co daje nam si\u0142\u0119 i energi\u0119, s\u0105 <strong>ludzie wok\u00f3\u0142 nas<\/strong>, kt\u00f3rym bliskie s\u0105 warto\u015bci demokratyczne, prawa cz\u0142owieka i odpowiedzialno\u015b\u0107 klimatyczna.<\/h6>\t\t\t\t\t\t<\/div>\n\t\t\t\t<\/div>\n\t\t\t\t\t<\/div>\n\t\t\t\t<\/div>\n\t\t<div class=\"elementor-element elementor-element-eff53d2 e-flex e-con-boxed e-con e-parent\" data-id=\"eff53d2\" data-element_type=\"container\">\n\t\t\t\t\t<div class=\"e-con-inner\">\n\t\t<div class=\"elementor-element elementor-element-6b76b27 e-grid e-con-boxed e-con e-child\" data-id=\"6b76b27\" data-element_type=\"container\">\n\t\t\t\t\t<div class=\"e-con-inner\">\n\t\t\t\t<div class=\"elementor-element elementor-element-019bd10 elementor-widget elementor-widget-image\" data-id=\"019bd10\" data-element_type=\"widget\" data-widget_type=\"image.default\">\n\t\t\t\t<div class=\"elementor-widget-container\">\n\t\t\t<style>\/*! elementor - v3.21.0 - 08-05-2024 *\/\n.elementor-widget-image{text-align:center}.elementor-widget-image a{display:inline-block}.elementor-widget-image a img[src$=\".svg\"]{width:48px}.elementor-widget-image img{vertical-align:middle;display:inline-block}<\/style>\t\t\t\t\t\t\t\t\t\t\t<a href=\"https:\/\/9dwunastych.org\/en_us\/damy-w-deche-asertywnosc-i-samoobrona-dla-kobiet-wendo\/\" target=\"_blank\">\n\t\t\t\t\t\t\t<img fetchpriority=\"high\" decoding=\"async\" width=\"500\" height=\"500\" src=\"https:\/\/9dwunastych.org\/wp-content\/uploads\/2024\/10\/3.png\" class=\"attachment-full size-full wp-image-3863\" alt=\"\" srcset=\"https:\/\/9dwunastych.org\/wp-content\/uploads\/2024\/10\/3.png 500w, https:\/\/9dwunastych.org\/wp-content\/uploads\/2024\/10\/3-300x300.png 300w, https:\/\/9dwunastych.org\/wp-content\/uploads\/2024\/10\/3-150x150.png 150w, https:\/\/9dwunastych.org\/wp-content\/uploads\/2024\/10\/3-12x12.png 12w\" sizes=\"(max-width: 500px) 100vw, 500px\" \/>\t\t\t\t\t\t\t\t<\/a>\n\t\t\t\t\t\t\t\t\t\t\t\t\t<\/div>\n\t\t\t\t<\/div>\n\t\t\t\t<div class=\"elementor-element elementor-element-0933c8c elementor-widget elementor-widget-image\" data-id=\"0933c8c\" data-element_type=\"widget\" data-widget_type=\"image.default\">\n\t\t\t\t<div class=\"elementor-widget-container\">\n\t\t\t\t\t\t\t\t\t\t\t\t\t\t<a href=\"https:\/\/9dwunastych.org\/en_us\/kobiecosc-meskosc-wszystko-gra-gra-o-rownosci-plci\/\" target=\"_blank\">\n\t\t\t\t\t\t\t<img decoding=\"async\" width=\"500\" height=\"500\" src=\"https:\/\/9dwunastych.org\/wp-content\/uploads\/2024\/10\/4.png\" class=\"attachment-full size-full wp-image-3864\" alt=\"\" srcset=\"https:\/\/9dwunastych.org\/wp-content\/uploads\/2024\/10\/4.png 500w, https:\/\/9dwunastych.org\/wp-content\/uploads\/2024\/10\/4-300x300.png 300w, https:\/\/9dwunastych.org\/wp-content\/uploads\/2024\/10\/4-150x150.png 150w, https:\/\/9dwunastych.org\/wp-content\/uploads\/2024\/10\/4-12x12.png 12w\" sizes=\"(max-width: 500px) 100vw, 500px\" \/>\t\t\t\t\t\t\t\t<\/a>\n\t\t\t\t\t\t\t\t\t\t\t\t\t<\/div>\n\t\t\t\t<\/div>\n\t\t\t\t<div class=\"elementor-element elementor-element-0f86060 elementor-widget elementor-widget-image\" data-id=\"0f86060\" data-element_type=\"widget\" data-widget_type=\"image.default\">\n\t\t\t\t<div class=\"elementor-widget-container\">\n\t\t\t\t\t\t\t\t\t\t\t\t\t\t<a href=\"https:\/\/9dwunastych.org\/en_us\/blog\/project\/nowe-drogi-dla-praw-czlowieka-online-i-offline\/\" target=\"_blank\">\n\t\t\t\t\t\t\t<img decoding=\"async\" width=\"500\" height=\"500\" src=\"https:\/\/9dwunastych.org\/wp-content\/uploads\/2024\/10\/5.png\" class=\"attachment-full size-full wp-image-3865\" alt=\"\" srcset=\"https:\/\/9dwunastych.org\/wp-content\/uploads\/2024\/10\/5.png 500w, https:\/\/9dwunastych.org\/wp-content\/uploads\/2024\/10\/5-300x300.png 300w, https:\/\/9dwunastych.org\/wp-content\/uploads\/2024\/10\/5-150x150.png 150w, https:\/\/9dwunastych.org\/wp-content\/uploads\/2024\/10\/5-12x12.png 12w\" sizes=\"(max-width: 500px) 100vw, 500px\" \/>\t\t\t\t\t\t\t\t<\/a>\n\t\t\t\t\t\t\t\t\t\t\t\t\t<\/div>\n\t\t\t\t<\/div>\n\t\t\t\t<div class=\"elementor-element elementor-element-1846ac3 elementor-widget elementor-widget-image\" data-id=\"1846ac3\" data-element_type=\"widget\" data-widget_type=\"image.default\">\n\t\t\t\t<div class=\"elementor-widget-container\">\n\t\t\t\t\t\t\t\t\t\t\t\t\t\t<a href=\"https:\/\/ogrodmarioli.9dwunastych.org\/\" target=\"_blank\">\n\t\t\t\t\t\t\t<img loading=\"lazy\" decoding=\"async\" width=\"500\" height=\"500\" src=\"https:\/\/9dwunastych.org\/wp-content\/uploads\/2024\/10\/2.png\" class=\"attachment-full size-full wp-image-3862\" alt=\"\" srcset=\"https:\/\/9dwunastych.org\/wp-content\/uploads\/2024\/10\/2.png 500w, https:\/\/9dwunastych.org\/wp-content\/uploads\/2024\/10\/2-300x300.png 300w, https:\/\/9dwunastych.org\/wp-content\/uploads\/2024\/10\/2-150x150.png 150w, https:\/\/9dwunastych.org\/wp-content\/uploads\/2024\/10\/2-12x12.png 12w\" sizes=\"(max-width: 500px) 100vw, 500px\" \/>\t\t\t\t\t\t\t\t<\/a>\n\t\t\t\t\t\t\t\t\t\t\t\t\t<\/div>\n\t\t\t\t<\/div>\n\t\t\t\t<div class=\"elementor-element elementor-element-982dbb1 elementor-widget elementor-widget-image\" data-id=\"982dbb1\" data-element_type=\"widget\" data-widget_type=\"image.default\">\n\t\t\t\t<div class=\"elementor-widget-container\">\n\t\t\t\t\t\t\t\t\t\t\t\t\t\t<a href=\"https:\/\/bit.ly\/DCB-Formularz\" target=\"_blank\">\n\t\t\t\t\t\t\t<img loading=\"lazy\" decoding=\"async\" width=\"500\" height=\"500\" src=\"https:\/\/9dwunastych.org\/wp-content\/uploads\/2024\/10\/1.png\" class=\"attachment-full size-full wp-image-3861\" alt=\"\" srcset=\"https:\/\/9dwunastych.org\/wp-content\/uploads\/2024\/10\/1.png 500w, https:\/\/9dwunastych.org\/wp-content\/uploads\/2024\/10\/1-300x300.png 300w, https:\/\/9dwunastych.org\/wp-content\/uploads\/2024\/10\/1-150x150.png 150w, https:\/\/9dwunastych.org\/wp-content\/uploads\/2024\/10\/1-12x12.png 12w\" sizes=\"(max-width: 500px) 100vw, 500px\" \/>\t\t\t\t\t\t\t\t<\/a>\n\t\t\t\t\t\t\t\t\t\t\t\t\t<\/div>\n\t\t\t\t<\/div>\n\t\t\t\t<div class=\"elementor-element elementor-element-f712bf1 elementor-widget elementor-widget-image\" data-id=\"f712bf1\" data-element_type=\"widget\" data-widget_type=\"image.default\">\n\t\t\t\t<div class=\"elementor-widget-container\">\n\t\t\t\t\t\t\t\t\t\t\t\t\t<img loading=\"lazy\" decoding=\"async\" width=\"500\" height=\"500\" src=\"https:\/\/9dwunastych.org\/wp-content\/uploads\/2024\/10\/LOGA-PROJEKTY-9d-7.png\" class=\"attachment-full size-full wp-image-3978\" alt=\"\" srcset=\"https:\/\/9dwunastych.org\/wp-content\/uploads\/2024\/10\/LOGA-PROJEKTY-9d-7.png 500w, https:\/\/9dwunastych.org\/wp-content\/uploads\/2024\/10\/LOGA-PROJEKTY-9d-7-300x300.png 300w, https:\/\/9dwunastych.org\/wp-content\/uploads\/2024\/10\/LOGA-PROJEKTY-9d-7-150x150.png 150w, https:\/\/9dwunastych.org\/wp-content\/uploads\/2024\/10\/LOGA-PROJEKTY-9d-7-12x12.png 12w\" sizes=\"(max-width: 500px) 100vw, 500px\" \/>\t\t\t\t\t\t\t\t\t\t\t\t\t<\/div>\n\t\t\t\t<\/div>\n\t\t\t\t\t<\/div>\n\t\t\t\t<\/div>\n\t\t\t\t\t<\/div>\n\t\t\t\t<\/div>\n\t\t<div class=\"elementor-element elementor-element-bab228d e-grid e-con-boxed e-con e-parent\" data-id=\"bab228d\" data-element_type=\"container\" data-settings=\"{&quot;background_background&quot;:&quot;classic&quot;}\">\n\t\t\t\t\t<div class=\"e-con-inner\">\n\t\t\t\t<div class=\"elementor-element elementor-element-8edeb9c elementor-widget elementor-widget-image\" data-id=\"8edeb9c\" data-element_type=\"widget\" data-widget_type=\"image.default\">\n\t\t\t\t<div class=\"elementor-widget-container\">\n\t\t\t\t\t\t\t\t\t\t\t\t\t\t<a href=\"https:\/\/www.youtube.com\/playlist?list=PLAtenSW4x52camJi3jqjOCjIlD5Du-bCW\" target=\"_blank\">\n\t\t\t\t\t\t\t<img loading=\"lazy\" decoding=\"async\" width=\"500\" height=\"500\" src=\"https:\/\/9dwunastych.org\/wp-content\/uploads\/2024\/10\/6.png\" class=\"attachment-full size-full wp-image-3860\" alt=\"\" srcset=\"https:\/\/9dwunastych.org\/wp-content\/uploads\/2024\/10\/6.png 500w, https:\/\/9dwunastych.org\/wp-content\/uploads\/2024\/10\/6-300x300.png 300w, https:\/\/9dwunastych.org\/wp-content\/uploads\/2024\/10\/6-150x150.png 150w, https:\/\/9dwunastych.org\/wp-content\/uploads\/2024\/10\/6-12x12.png 12w\" sizes=\"(max-width: 500px) 100vw, 500px\" \/>\t\t\t\t\t\t\t\t<\/a>\n\t\t\t\t\t\t\t\t\t\t\t\t\t<\/div>\n\t\t\t\t<\/div>\n\t\t\t\t<div class=\"elementor-element elementor-element-b2f1c82 elementor-widget elementor-widget-text-editor\" data-id=\"b2f1c82\" data-element_type=\"widget\" data-widget_type=\"text-editor.default\">\n\t\t\t\t<div class=\"elementor-widget-container\">\n\t\t\t\t\t\t\t<h3 style=\"text-align: center;\"><strong><span style=\"color: #1a1a1a;\">Wsp\u00f3\u0142pracujemy z influencerkami i influencerami.<\/span><\/strong><\/h3><h6><span style=\"color: #1a1a1a;\">Nasze stowarzyszenie zorganizowa\u0142o w Bia\u0142ymstoku warsztaty antydyskryminacyjne dla influencerek i influencer\u00f3w, a we Wroc\u0142awiu warsztaty antydyskryminacyjne dla os\u00f3b redaguj\u0105cych polsk\u0105 Wikipedi\u0119.<\/span><\/h6><h3 style=\"text-align: center;\"><strong><span style=\"color: #1a1a1a;\">Playlista &#8222;KR\u00d3CIUTKO. <br \/>O przywilejach i r\u00f3wnych prawach&#8221;<\/span><\/strong><\/h3><h6><span style=\"color: #1a1a1a;\">We wsp\u00f3\u0142pracy z nami 5 influencer\u00f3w i influencerek nagra\u0142o filmiki prezentuj\u0105ce perspektyw\u0119 os\u00f3b nale\u017c\u0105cych do mniejszo\u015bci i grup dyskryminowanych. Filmiki mo\u017cna zobaczy\u0107 na YouTube, Instagramie i TikToku.<\/span><\/h6>\t\t\t\t\t\t<\/div>\n\t\t\t\t<\/div>\n\t\t\t\t\t<\/div>\n\t\t\t\t<\/div>\n\t\t\t\t<section class=\"elementor-section elementor-top-section elementor-element elementor-element-2a72ff64 elementor-section-boxed elementor-section-height-default elementor-section-height-default\" data-id=\"2a72ff64\" data-element_type=\"section\">\n\t\t\t\t\t\t<div class=\"elementor-container elementor-column-gap-default\">\n\t\t\t\t\t<div class=\"elementor-column elementor-col-50 elementor-top-column elementor-element elementor-element-d8ebda2\" data-id=\"d8ebda2\" data-element_type=\"column\">\n\t\t\t<div class=\"elementor-widget-wrap elementor-element-populated\">\n\t\t\t\t\t\t<div class=\"elementor-element elementor-element-7ad31442 elementor-widget elementor-widget-heading\" data-id=\"7ad31442\" data-element_type=\"widget\" data-settings=\"{&quot;_animation&quot;:&quot;none&quot;}\" data-widget_type=\"heading.default\">\n\t\t\t\t<div class=\"elementor-widget-container\">\n\t\t\t<style>\/*! elementor - v3.21.0 - 08-05-2024 *\/\n.elementor-heading-title{padding:0;margin:0;line-height:1}.elementor-widget-heading .elementor-heading-title[class*=elementor-size-]>a{color:inherit;font-size:inherit;line-height:inherit}.elementor-widget-heading .elementor-heading-title.elementor-size-small{font-size:15px}.elementor-widget-heading .elementor-heading-title.elementor-size-medium{font-size:19px}.elementor-widget-heading .elementor-heading-title.elementor-size-large{font-size:29px}.elementor-widget-heading .elementor-heading-title.elementor-size-xl{font-size:39px}.elementor-widget-heading .elementor-heading-title.elementor-size-xxl{font-size:59px}<\/style><h2 class=\"elementor-heading-title elementor-size-default\">Nasza misja:<\/h2>\t\t<\/div>\n\t\t\t\t<\/div>\n\t\t\t\t<div class=\"elementor-element elementor-element-65bb592 elementor-widget elementor-widget-text-editor\" data-id=\"65bb592\" data-element_type=\"widget\" data-settings=\"{&quot;_animation&quot;:&quot;none&quot;}\" data-widget_type=\"text-editor.default\">\n\t\t\t\t<div class=\"elementor-widget-container\">\n\t\t\t\t\t\t\t<p class=\"N-ZiCg direction-ltr align-justify para-style-body\"><strong>Budujemy<\/strong> w Bia\u0142ymstoku, wojew\u00f3dztwie podlaskim i w Polsce\u00a0<strong>spo\u0142ecze\u0144stwo obywatelskie<\/strong><\/p><ul><li class=\"N-ZiCg direction-ltr align-justify para-style-body\">oparte na\u00a0poszanowaniu\u00a0<strong>praw cz\u0142owieka<\/strong>\u00a0i\u00a0<strong>r\u00f3wno\u015bci ludzi,<\/strong><\/li><li class=\"N-ZiCg direction-ltr align-justify para-style-body\">\u015bwiadome jak funkcjonuje\u00a0<strong>demokracja<\/strong>\u00a0i\u00a0korzystaj\u0105ce z\u00a0jej narz\u0119dzi,<\/li><li class=\"N-ZiCg direction-ltr align-justify para-style-body\">uczestnicz\u0105ce w\u00a0<strong>kulturze<\/strong>\u00a0i\u00a0wsp\u00f3\u0142tworz\u0105ce j\u0105,<\/li><li class=\"N-ZiCg direction-ltr align-justify para-style-body\">aktywnie dzia\u0142aj\u0105ce na\u00a0rzecz\u00a0<strong>powstrzymania katastrofy klimatycznej<\/strong>,<\/li><li class=\"N-ZiCg direction-ltr align-justify para-style-body\">tworz\u0105ce samodzielne\u00a0<strong>spo\u0142eczno\u015bci<\/strong>\u00a0oparte na\u00a0wzajemnej akceptacji i\u00a0wsparciu.<\/li><\/ul><p class=\"N-ZiCg direction-ltr align-justify para-style-body\">Chcemy budowa\u0107 \u015bwiat bezpieczny i\u00a0przyjazny dla wszystkich.<\/p>\t\t\t\t\t\t<\/div>\n\t\t\t\t<\/div>\n\t\t\t\t\t<\/div>\n\t\t<\/div>\n\t\t\t\t<div class=\"elementor-column elementor-col-50 elementor-top-column elementor-element elementor-element-cfde0c5\" data-id=\"cfde0c5\" data-element_type=\"column\">\n\t\t\t<div class=\"elementor-widget-wrap elementor-element-populated\">\n\t\t\t\t\t\t<section class=\"elementor-section elementor-inner-section elementor-element elementor-element-7cb8aaa4 elementor-section-boxed elementor-section-height-default elementor-section-height-default\" data-id=\"7cb8aaa4\" data-element_type=\"section\">\n\t\t\t\t\t\t<div class=\"elementor-container elementor-column-gap-default\">\n\t\t\t\t\t<div class=\"elementor-column elementor-col-100 elementor-inner-column elementor-element elementor-element-157d8dd8\" data-id=\"157d8dd8\" data-element_type=\"column\">\n\t\t\t<div class=\"elementor-widget-wrap elementor-element-populated\">\n\t\t\t\t\t\t<div class=\"elementor-element elementor-element-2206ac35 elementor-widget elementor-widget-image\" data-id=\"2206ac35\" data-element_type=\"widget\" data-settings=\"{&quot;_animation&quot;:&quot;none&quot;,&quot;_animation_delay&quot;:400}\" data-widget_type=\"image.default\">\n\t\t\t\t<div class=\"elementor-widget-container\">\n\t\t\t\t\t\t\t\t\t\t\t\t\t\t<a href=\"https:\/\/9dwunastych.org\/en_us\/wspieraj-misje\/\">\n\t\t\t\t\t\t\t<img loading=\"lazy\" decoding=\"async\" width=\"1080\" height=\"1080\" src=\"https:\/\/9dwunastych.org\/wp-content\/uploads\/2024\/10\/Tytul.png\" class=\"attachment-full size-full wp-image-4048\" alt=\"\" srcset=\"https:\/\/9dwunastych.org\/wp-content\/uploads\/2024\/10\/Tytul.png 1080w, https:\/\/9dwunastych.org\/wp-content\/uploads\/2024\/10\/Tytul-300x300.png 300w, https:\/\/9dwunastych.org\/wp-content\/uploads\/2024\/10\/Tytul-1024x1024.png 1024w, https:\/\/9dwunastych.org\/wp-content\/uploads\/2024\/10\/Tytul-150x150.png 150w, https:\/\/9dwunastych.org\/wp-content\/uploads\/2024\/10\/Tytul-12x12.png 12w, https:\/\/9dwunastych.org\/wp-content\/uploads\/2024\/10\/Tytul-600x600.png 600w\" sizes=\"(max-width: 1080px) 100vw, 1080px\" \/>\t\t\t\t\t\t\t\t<\/a>\n\t\t\t\t\t\t\t\t\t\t\t\t\t<\/div>\n\t\t\t\t<\/div>\n\t\t\t\t\t<\/div>\n\t\t<\/div>\n\t\t\t\t\t<\/div>\n\t\t<\/section>\n\t\t\t\t\t<\/div>\n\t\t<\/div>\n\t\t\t\t\t<\/div>\n\t\t<\/section>\n\t\t<div class=\"elementor-element elementor-element-34e3c2c e-flex e-con-boxed e-con e-parent\" data-id=\"34e3c2c\" data-element_type=\"container\">\n\t\t\t\t\t<div class=\"e-con-inner\">\n\t\t\t\t\t<\/div>\n\t\t\t\t<\/div>\n\t\t\t\t<\/div>","protected":false},"excerpt":{"rendered":"<p>Prowadzimy edukacj\u0119 antydyskryminacyjn\u0105, r\u00f3wno\u015bciow\u0105, warsztaty asertywno\u015bci i samoobrony dla os\u00f3b kobiecych WenDo. Prowadzimy w Bia\u0142ymstoku ogr\u00f3d spo\u0142eczno\u015bciowy i feministyczn\u0105 bibliotek\u0119. Wspieramy organizacje, instytucje oraz lokalne spo\u0142eczno\u015bci w dzia\u0142aniach na rzecz praw cz\u0142owieka i wprowadzaniu r\u00f3wno\u015bciowych standard\u00f3w funkcjonowania. Tym, co daje nam si\u0142\u0119 i energi\u0119, s\u0105 ludzie wok\u00f3\u0142 nas, kt\u00f3rym bliskie s\u0105 warto\u015bci demokratyczne, prawa cz\u0142owieka&#8230;<\/p>","protected":false},"author":4,"featured_media":0,"parent":0,"menu_order":0,"comment_status":"closed","ping_status":"closed","template":"elementor_header_footer","meta":{"footnotes":""},"class_list":["post-3614","page","type-page","status-publish","hentry"],"acf":[],"jetpack_sharing_enabled":true,"_links":{"self":[{"href":"https:\/\/9dwunastych.org\/en_us\/wp-json\/wp\/v2\/pages\/3614"}],"collection":[{"href":"https:\/\/9dwunastych.org\/en_us\/wp-json\/wp\/v2\/pages"}],"about":[{"href":"https:\/\/9dwunastych.org\/en_us\/wp-json\/wp\/v2\/types\/page"}],"author":[{"embeddable":true,"href":"https:\/\/9dwunastych.org\/en_us\/wp-json\/wp\/v2\/users\/4"}],"replies":[{"embeddable":true,"href":"https:\/\/9dwunastych.org\/en_us\/wp-json\/wp\/v2\/comments?post=3614"}],"version-history":[{"count":124,"href":"https:\/\/9dwunastych.org\/en_us\/wp-json\/wp\/v2\/pages\/3614\/revisions"}],"predecessor-version":[{"id":4138,"href":"https:\/\/9dwunastych.org\/en_us\/wp-json\/wp\/v2\/pages\/3614\/revisions\/4138"}],"wp:attachment":[{"href":"https:\/\/9dwunastych.org\/en_us\/wp-json\/wp\/v2\/media?parent=3614"}],"curies":[{"name":"wp","href":"https:\/\/api.w.org\/{rel}","templated":true}]}}